{"id":1797,"date":"2024-12-12T12:46:43","date_gmt":"2024-12-12T12:46:43","guid":{"rendered":"https:\/\/mundijalprijateljstva-ulcinj.me\/?page_id=1797"},"modified":"2024-12-16T16:55:50","modified_gmt":"2024-12-16T16:55:50","slug":"videos","status":"publish","type":"page","link":"https:\/\/mundijalprijateljstva-ulcinj.me\/en\/videos\/","title":{"rendered":"Mundial 2024 - Video"},"content":{"rendered":"<div data-elementor-type=\"wp-page\" data-elementor-id=\"1797\" class=\"elementor elementor-1797\">\n\t\t\t\t<div class=\"elementor-element elementor-element-78a86c5 e-flex e-con-boxed wpr-particle-no wpr-jarallax-no wpr-parallax-no wpr-sticky-section-no e-con e-parent\" data-id=\"78a86c5\" data-element_type=\"container\">\n\t\t\t\t\t<div class=\"e-con-inner\">\n\t\t\t\t\t<\/div>\n\t\t\t\t<\/div>\n\t\t<div class=\"elementor-element elementor-element-EMeII98 e-flex e-con-boxed wpr-particle-no wpr-jarallax-no wpr-parallax-no wpr-sticky-section-no e-con e-parent\" data-id=\"EMeII98\" data-element_type=\"container\">\n\t\t\t\t\t<div class=\"e-con-inner\">\n\t\t<div class=\"elementor-element elementor-element-JjToyq9 e-flex e-con-boxed wpr-particle-no wpr-jarallax-no wpr-parallax-no wpr-sticky-section-no e-con e-child\" data-id=\"JjToyq9\" data-element_type=\"container\">\n\t\t\t\t\t<div class=\"e-con-inner\">\n\t\t<div class=\"elementor-element elementor-element-NLd4FJd e-con-full e-flex wpr-particle-no wpr-jarallax-no wpr-parallax-no wpr-sticky-section-no e-con e-child\" data-id=\"NLd4FJd\" data-element_type=\"container\">\n\t\t\t\t<div class=\"elementor-element elementor-element-BVNX2bT elementor-widget elementor-widget-heading\" data-id=\"BVNX2bT\" data-element_type=\"widget\" data-widget_type=\"heading.default\">\n\t\t\t\t<div class=\"elementor-widget-container\">\n\t\t\t<h1 class=\"elementor-heading-title elementor-size-default\">Snimci sa Mundijala Prijateljstva 3 (2024)<\/h1>\t\t<\/div>\n\t\t\t\t<\/div>\n\t\t\t\t<div class=\"elementor-element elementor-element-2IYpyrQ elementor-widget elementor-widget-text-editor\" data-id=\"2IYpyrQ\" data-element_type=\"widget\" data-widget_type=\"text-editor.default\">\n\t\t\t\t<div class=\"elementor-widget-container\">\n\t\t\t\t\t\t\t<p>Watch how our city Ulcinj celebrates friendship through these inspiring footage. Every story, every image speaks of love, unity, and the power of sport.<\/p>\t\t\t\t\t\t<\/div>\n\t\t\t\t<\/div>\n\t\t<div class=\"elementor-element elementor-element-VnZDPYU e-flex e-con-boxed wpr-particle-no wpr-jarallax-no wpr-parallax-no wpr-sticky-section-no e-con e-child\" data-id=\"VnZDPYU\" data-element_type=\"container\">\n\t\t\t\t\t<div class=\"e-con-inner\">\n\t\t\t\t<div class=\"elementor-element elementor-element-8Oi5aLY elementor-widget__width-auto elementor-align-right elementor-widget elementor-widget-button\" data-id=\"8Oi5aLY\" data-element_type=\"widget\" data-widget_type=\"button.default\">\n\t\t\t\t<div class=\"elementor-widget-container\">\n\t\t\t\t\t\t\t<div class=\"elementor-button-wrapper\">\n\t\t\t\t\t<a class=\"elementor-button elementor-button-link elementor-size-sm\" href=\"https:\/\/www.youtube.com\/@Mundijalprijateljstva-Ulcinj\">\n\t\t\t\t\t\t<span class=\"elementor-button-content-wrapper\">\n\t\t\t\t\t\t\t\t\t<span class=\"elementor-button-text\">Watch all the footage<\/span>\n\t\t\t\t\t<\/span>\n\t\t\t\t\t<\/a>\n\t\t\t\t<\/div>\n\t\t\t\t\t\t<\/div>\n\t\t\t\t<\/div>\n\t\t\t\t<div class=\"elementor-element elementor-element-GgPfT4H elementor-widget__width-auto elementor-align-right elementor-widget elementor-widget-button\" data-id=\"GgPfT4H\" data-element_type=\"widget\" data-widget_type=\"button.default\">\n\t\t\t\t<div class=\"elementor-widget-container\">\n\t\t\t\t\t\t\t<div class=\"elementor-button-wrapper\">\n\t\t\t\t\t<a class=\"elementor-button elementor-button-link elementor-size-sm\" href=\"https:\/\/mundijalprijateljstva-ulcinj.me\/en\/about-us\/\">\n\t\t\t\t\t\t<span class=\"elementor-button-content-wrapper\">\n\t\t\t\t\t\t\t\t\t<span class=\"elementor-button-text\">Discover more<\/span>\n\t\t\t\t\t<\/span>\n\t\t\t\t\t<\/a>\n\t\t\t\t<\/div>\n\t\t\t\t\t\t<\/div>\n\t\t\t\t<\/div>\n\t\t\t\t\t<\/div>\n\t\t\t\t<\/div>\n\t\t\t\t<\/div>\n\t\t<div class=\"elementor-element elementor-element-AJ2ip9L e-con-full e-flex wpr-particle-no wpr-jarallax-no wpr-parallax-no wpr-sticky-section-no e-con e-child\" data-id=\"AJ2ip9L\" data-element_type=\"container\">\n\t\t\t\t<div class=\"elementor-element elementor-element-bjRkBAk elementor-widget elementor-widget-video\" data-id=\"bjRkBAk\" data-element_type=\"widget\" data-settings=\"{&quot;youtube_url&quot;:&quot;https:\\\/\\\/www.youtube.com\\\/watch?v=0iDoCZ6W1HI&amp;t=109s&quot;,&quot;video_type&quot;:&quot;youtube&quot;,&quot;controls&quot;:&quot;yes&quot;}\" data-widget_type=\"video.default\">\n\t\t\t\t<div class=\"elementor-widget-container\">\n\t\t\t\t\t<div class=\"elementor-wrapper elementor-open-inline\">\n\t\t\t<div class=\"elementor-video\"><\/div>\t\t<\/div>\n\t\t\t\t<\/div>\n\t\t\t\t<\/div>\n\t\t\t\t<\/div>\n\t\t\t\t\t<\/div>\n\t\t\t\t<\/div>\n\t\t\t\t\t<\/div>\n\t\t\t\t<\/div>\n\t\t<div class=\"elementor-element elementor-element-1083171 e-flex e-con-boxed wpr-particle-no wpr-jarallax-no wpr-parallax-no wpr-sticky-section-no e-con e-parent\" data-id=\"1083171\" data-element_type=\"container\">\n\t\t\t\t\t<div class=\"e-con-inner\">\n\t\t\t\t<div class=\"elementor-element elementor-element-c7bc9d3 elementor-widget elementor-widget-spacer\" data-id=\"c7bc9d3\" data-element_type=\"widget\" data-widget_type=\"spacer.default\">\n\t\t\t\t<div class=\"elementor-widget-container\">\n\t\t\t\t\t<div class=\"elementor-spacer\">\n\t\t\t<div class=\"elementor-spacer-inner\"><\/div>\n\t\t<\/div>\n\t\t\t\t<\/div>\n\t\t\t\t<\/div>\n\t\t\t\t\t<\/div>\n\t\t\t\t<\/div>\n\t\t<div class=\"elementor-element elementor-element-dcc5bbe e-flex e-con-boxed wpr-particle-no wpr-jarallax-no wpr-parallax-no wpr-sticky-section-no e-con e-parent\" data-id=\"dcc5bbe\" data-element_type=\"container\">\n\t\t\t\t\t<div class=\"e-con-inner\">\n\t\t\t\t<div class=\"elementor-element elementor-element-02fa5b1 elementor-widget elementor-widget-wpb-ea-videos-grid\" data-id=\"02fa5b1\" data-element_type=\"widget\" data-widget_type=\"wpb-ea-videos-grid.default\">\n\t\t\t\t<div class=\"elementor-widget-container\">\n\t\t\t\t\t\t<div class=\"wpb-ea-videos-grid\">\n\t\t\t\t<div class=\"ea-row\">\n\t\t\t\t\t\n\t\t\t\t\t\t\n\t\t\t\t\t\t<div class=\"wpb-ea-videos-grid-item-column col-lg-4 col-md-6\">\n\t\t\t\t\t\t\t<div class=\"wpb-ea-videos-grid-item\">\n\t\t\t\t\t\t\t\t<div class=\"wpb-ea-videos-grid-item-inner\">\n\t\t\t\t\t\t\t\t\t<iframe title=\"Ulcinjski Mundijal prijateljstva, dokumentarni film &quot;Vi\u0161e od igre, vi\u0161e od \u017eivota&quot;.\" width=\"260\" height=\"146\" src=\"https:\/\/www.youtube.com\/embed\/XPcpqNSkEdc?start=24&feature=oembed\" frameborder=\"0\" allow=\"accelerometer; autoplay; clipboard-write; encrypted-media; gyroscope; picture-in-picture; web-share\" referrerpolicy=\"strict-origin-when-cross-origin\" allowfullscreen><\/iframe>\t\t\t\t\t\t\t\t\t<div class=\"wpb-video-content\">\n\t\t\t\t\t\t\t\t\t\t<h3>Mundijal prijateljstva 3<\/h3>\t\t\t\t\t\t\t\t\t\t<p>Insert iz filma 'Vi\u0161e od igre, vi\u0161e od \u017eivota' autora Milutina Grgura, poznatog crnogorskog novinara. Film je posve\u0107en Mundijalu prijateljstva u Ulcinju.<\/p>\n\t\t\t\t\t\t\t\t\t\t\t\t\t\t\t\t\t\t\t<\/div>\n\t\t\t\t\t\t\t\t<\/div>\n\t\t\t\t\t\t\t<\/div>\n\t\t\t\t\t\t<\/div>\n\t\t\t\t\t\n\t\t\t\t\t\t\n\t\t\t\t\t\t<div class=\"wpb-ea-videos-grid-item-column col-lg-4 col-md-6\">\n\t\t\t\t\t\t\t<div class=\"wpb-ea-videos-grid-item\">\n\t\t\t\t\t\t\t\t<div class=\"wpb-ea-videos-grid-item-inner\">\n\t\t\t\t\t\t\t\t\t<iframe title=\"Ivica \u0160urjak iz Ulcinja sa prvog Mundijala prijateljstva 11.11.2022\" width=\"260\" height=\"146\" src=\"https:\/\/www.youtube.com\/embed\/YEFdahZ7U00?start=17&feature=oembed\" frameborder=\"0\" allow=\"accelerometer; autoplay; clipboard-write; encrypted-media; gyroscope; picture-in-picture; web-share\" referrerpolicy=\"strict-origin-when-cross-origin\" allowfullscreen><\/iframe>\t\t\t\t\t\t\t\t\t<div class=\"wpb-video-content\">\n\t\t\t\t\t\t\t\t\t\t<h3>Ivica \u0160urjak iz Ulcinja sa prvog Mundijala prijateljstva 11.11.2022<\/h3>\t\t\t\t\t\t\t\t\t\t<p>Ivica \u0160urjak iz Ulcinja sa prvog Mundijala prijateljstva 11.11.2022<\/p>\n\t\t\t\t\t\t\t\t\t\t\t\t\t\t\t\t\t\t\t<\/div>\n\t\t\t\t\t\t\t\t<\/div>\n\t\t\t\t\t\t\t<\/div>\n\t\t\t\t\t\t<\/div>\n\t\t\t\t\t\n\t\t\t\t\t\t\n\t\t\t\t\t\t<div class=\"wpb-ea-videos-grid-item-column col-lg-4 col-md-6\">\n\t\t\t\t\t\t\t<div class=\"wpb-ea-videos-grid-item\">\n\t\t\t\t\t\t\t\t<div class=\"wpb-ea-videos-grid-item-inner\">\n\t\t\t\t\t\t\t\t\t<iframe title=\"From Ulcinj, Montenegro, with love \u2764!\" width=\"260\" height=\"146\" src=\"https:\/\/www.youtube.com\/embed\/BQfctNggSa4?list=PLhQCGXYVeJYLi9Epmji88RGy5McRFmfle\" frameborder=\"0\" allow=\"accelerometer; autoplay; clipboard-write; encrypted-media; gyroscope; picture-in-picture; web-share\" referrerpolicy=\"strict-origin-when-cross-origin\" allowfullscreen><\/iframe>\t\t\t\t\t\t\t\t\t<div class=\"wpb-video-content\">\n\t\t\t\t\t\t\t\t\t\t<h3>From Ulcinj, Montenegro, with love \u2764!<\/h3>\t\t\t\t\t\t\t\t\t\t<p>Na nedavno zavr\u0161enom tre\u0107em Mundijalu prijateljstva u Ulcinju, upaljena je baklja u znak  podr\u0161ke i solidarnosti s gradjankama i gradjanima Bosne i Hercegovine povodom nedavnih poplava.<\/p>\n\t\t\t\t\t\t\t\t\t\t\t\t\t\t\t\t\t\t\t<\/div>\n\t\t\t\t\t\t\t\t<\/div>\n\t\t\t\t\t\t\t<\/div>\n\t\t\t\t\t\t<\/div>\n\t\t\t\t\t\n\t\t\t\t\t\t\n\t\t\t\t\t\t<div class=\"wpb-ea-videos-grid-item-column col-lg-4 col-md-6\">\n\t\t\t\t\t\t\t<div class=\"wpb-ea-videos-grid-item\">\n\t\t\t\t\t\t\t\t<div class=\"wpb-ea-videos-grid-item-inner\">\n\t\t\t\t\t\t\t\t\t<iframe title=\"Grand Opening of the &quot;Mundial of Friendship&quot; - Ulcinj 2024\" width=\"260\" height=\"146\" src=\"https:\/\/www.youtube.com\/embed\/mx49nAWA3Kc?list=PLhQCGXYVeJYLi9Epmji88RGy5McRFmfle\" frameborder=\"0\" allow=\"accelerometer; autoplay; clipboard-write; encrypted-media; gyroscope; picture-in-picture; web-share\" referrerpolicy=\"strict-origin-when-cross-origin\" allowfullscreen><\/iframe>\t\t\t\t\t\t\t\t\t<div class=\"wpb-video-content\">\n\t\t\t\t\t\t\t\t\t\t<h3>Sve\u010dano otvaranje &quot;Mundijala prijateljstva- Ulcinj 2024<\/h3>\t\t\t\t\t\t\t\t\t\t<p>Prikazi dolaska gostiju, pozdravnih govora lokalnih zvani\u010dnika, uklju\u010duju\u0107i poruke mira i zajedni\u0161tva.<\/p>\n\t\t\t\t\t\t\t\t\t\t\t\t\t\t\t\t\t\t\t<\/div>\n\t\t\t\t\t\t\t\t<\/div>\n\t\t\t\t\t\t\t<\/div>\n\t\t\t\t\t\t<\/div>\n\t\t\t\t\t\n\t\t\t\t\t\t\n\t\t\t\t\t\t<div class=\"wpb-ea-videos-grid-item-column col-lg-4 col-md-6\">\n\t\t\t\t\t\t\t<div class=\"wpb-ea-videos-grid-item\">\n\t\t\t\t\t\t\t\t<div class=\"wpb-ea-videos-grid-item-inner\">\n\t\t\t\t\t\t\t\t\t<iframe title=\"Ive Jerolimov, Vjeran \u0160imuni\u0107 i Ne\u0161et \u017daveli na fe\u0161ti u Ulcinju na Mundijalu prijateljstva .\" width=\"113\" height=\"200\" src=\"https:\/\/www.youtube.com\/embed\/dnM8P7gc2gg?feature=oembed\" frameborder=\"0\" allow=\"accelerometer; autoplay; clipboard-write; encrypted-media; gyroscope; picture-in-picture; web-share\" referrerpolicy=\"strict-origin-when-cross-origin\" allowfullscreen><\/iframe>\t\t\t\t\t\t\t\t\t<div class=\"wpb-video-content\">\n\t\t\t\t\t\t\t\t\t\t<h3>Ive Jerolimov, Vjeran \u0160imuni\u0107 i Ne\u0161et \u017daveli na fe\u0161ti u Ulcinju na Mundijalu prijateljstva .<\/h3>\t\t\t\t\t\t\t\t\t\t<p>Snimci fe\u0161te sa tradicionalnim plesovima, muzikom i lokalnim specijalitetima<\/p>\n\t\t\t\t\t\t\t\t\t\t\t\t\t\t\t\t\t\t\t<\/div>\n\t\t\t\t\t\t\t\t<\/div>\n\t\t\t\t\t\t\t<\/div>\n\t\t\t\t\t\t<\/div>\n\t\t\t\t\t\t\t\t\t<\/div>\n\t\t\t<\/div>\n\t\t\t\t\t<\/div>\n\t\t\t\t<\/div>\n\t\t\t\t\t<\/div>\n\t\t\t\t<\/div>\n\t\t\t\t<\/div>","protected":false},"excerpt":{"rendered":"<p>Snimci sa Mundijala Prijateljstva 3 (2024) Pogledajte kako na\u0161 grad Ulcinj slavi prijateljstvo kroz ove inspirativne snimke. Svaka pri\u010da, svaka slika govori o ljubavi, jedinstvu i snazi sporta . Pogledajte sve snimke Otkrijte vi\u0161e Mundijal prijateljstva 3 Insert iz filma &#8216;Vi\u0161e od igre, vi\u0161e od \u017eivota&#8217; autora Milutina Grgura, poznatog crnogorskog novinara. Film je posve\u0107en Mundijalu prijateljstva u Ulcinju. Ivica \u0160urjak iz Ulcinja sa prvog Mundijala prijateljstva 11.11.2022 Ivica \u0160urjak iz Ulcinja sa prvog Mundijala prijateljstva 11.11.2022 Iz Ulcinja i Crne Gore s ljubavlju\u2764! Na nedavno zavr\u0161enom tre\u0107em Mundijalu prijateljstva u Ulcinju, upaljena je baklja u znak podr\u0161ke i solidarnosti s gradjankama i gradjanima Bosne i Hercegovine povodom nedavnih poplava. Sve\u010dano otvaranje &#8220;Mundijala prijateljstva- Ulcinj 2024 Prikazi dolaska gostiju, pozdravnih govora lokalnih zvani\u010dnika, uklju\u010duju\u0107i poruke mira i zajedni\u0161tva. Ive Jerolimov, Vjeran \u0160imuni\u0107 i Ne\u0161et \u017daveli na fe\u0161ti u Ulcinju na Mundijalu prijateljstva . Snimci fe\u0161te sa tradicionalnim plesovima, muzikom i lokalnim specijalitetima<\/p>","protected":false},"author":1,"featured_media":0,"parent":0,"menu_order":0,"comment_status":"closed","ping_status":"closed","template":"","meta":{"footnotes":""},"class_list":["post-1797","page","type-page","status-publish","hentry"],"yoast_head":"<!-- This site is optimized with the Yoast SEO plugin v24.0 - https:\/\/yoast.com\/wordpress\/plugins\/seo\/ -->\n<title>Mundijal 2024-Video - Mundijalprijateljstva-ulcinj<\/title>\n<meta name=\"robots\" content=\"index, follow, max-snippet:-1, max-image-preview:large, max-video-preview:-1\" \/>\n<link rel=\"canonical\" href=\"https:\/\/mundijalprijateljstva-ulcinj.me\/en\/videos\/\" \/>\n<meta property=\"og:locale\" content=\"en_US\" \/>\n<meta property=\"og:type\" content=\"article\" \/>\n<meta property=\"og:title\" content=\"Mundijal 2024-Video - Mundijalprijateljstva-ulcinj\" \/>\n<meta property=\"og:description\" content=\"Snimci sa Mundijala Prijateljstva 3 (2024) Pogledajte kako na\u0161 grad Ulcinj slavi prijateljstvo kroz ove inspirativne snimke. Svaka pri\u010da, svaka slika govori o ljubavi, jedinstvu i snazi sporta . Pogledajte sve snimke Otkrijte vi\u0161e Mundijal prijateljstva 3 Insert iz filma &#8216;Vi\u0161e od igre, vi\u0161e od \u017eivota&#8217; autora Milutina Grgura, poznatog crnogorskog novinara. Film je posve\u0107en Mundijalu prijateljstva u Ulcinju. Ivica \u0160urjak iz Ulcinja sa prvog Mundijala prijateljstva 11.11.2022 Ivica \u0160urjak iz Ulcinja sa prvog Mundijala prijateljstva 11.11.2022 Iz Ulcinja i Crne Gore s ljubavlju\u2764! Na nedavno zavr\u0161enom tre\u0107em Mundijalu prijateljstva u Ulcinju, upaljena je baklja u znak podr\u0161ke i solidarnosti s gradjankama i gradjanima Bosne i Hercegovine povodom nedavnih poplava. Sve\u010dano otvaranje &#8220;Mundijala prijateljstva- Ulcinj 2024 Prikazi dolaska gostiju, pozdravnih govora lokalnih zvani\u010dnika, uklju\u010duju\u0107i poruke mira i zajedni\u0161tva. Ive Jerolimov, Vjeran \u0160imuni\u0107 i Ne\u0161et \u017daveli na fe\u0161ti u Ulcinju na Mundijalu prijateljstva . Snimci fe\u0161te sa tradicionalnim plesovima, muzikom i lokalnim specijalitetima\" \/>\n<meta property=\"og:url\" content=\"https:\/\/mundijalprijateljstva-ulcinj.me\/en\/videos\/\" \/>\n<meta property=\"og:site_name\" content=\"Mundijalprijateljstva-ulcinj\" \/>\n<meta property=\"article:modified_time\" content=\"2024-12-16T16:55:50+00:00\" \/>\n<meta name=\"twitter:card\" content=\"summary_large_image\" \/>\n<meta name=\"twitter:label1\" content=\"Est. reading time\" \/>\n\t<meta name=\"twitter:data1\" content=\"1 minute\" \/>\n<script type=\"application\/ld+json\" class=\"yoast-schema-graph\">{\"@context\":\"https:\/\/schema.org\",\"@graph\":[{\"@type\":\"WebPage\",\"@id\":\"https:\/\/mundijalprijateljstva-ulcinj.me\/videos\/\",\"url\":\"https:\/\/mundijalprijateljstva-ulcinj.me\/videos\/\",\"name\":\"Mundijal 2024-Video - Mundijalprijateljstva-ulcinj\",\"isPartOf\":{\"@id\":\"https:\/\/mundijalprijateljstva-ulcinj.me\/#website\"},\"datePublished\":\"2024-12-12T12:46:43+00:00\",\"dateModified\":\"2024-12-16T16:55:50+00:00\",\"breadcrumb\":{\"@id\":\"https:\/\/mundijalprijateljstva-ulcinj.me\/videos\/#breadcrumb\"},\"inLanguage\":\"en-US\",\"potentialAction\":[{\"@type\":\"ReadAction\",\"target\":[\"https:\/\/mundijalprijateljstva-ulcinj.me\/videos\/\"]}]},{\"@type\":\"BreadcrumbList\",\"@id\":\"https:\/\/mundijalprijateljstva-ulcinj.me\/videos\/#breadcrumb\",\"itemListElement\":[{\"@type\":\"ListItem\",\"position\":1,\"name\":\"Home\",\"item\":\"https:\/\/mundijalprijateljstva-ulcinj.me\/\"},{\"@type\":\"ListItem\",\"position\":2,\"name\":\"Mundijal 2024-Video\"}]},{\"@type\":\"WebSite\",\"@id\":\"https:\/\/mundijalprijateljstva-ulcinj.me\/#website\",\"url\":\"https:\/\/mundijalprijateljstva-ulcinj.me\/\",\"name\":\"Mundijalprijateljstva-ulcinj\",\"description\":\"mundijalprijateljstva-ulcinj\",\"publisher\":{\"@id\":\"https:\/\/mundijalprijateljstva-ulcinj.me\/#organization\"},\"potentialAction\":[{\"@type\":\"SearchAction\",\"target\":{\"@type\":\"EntryPoint\",\"urlTemplate\":\"https:\/\/mundijalprijateljstva-ulcinj.me\/?s={search_term_string}\"},\"query-input\":{\"@type\":\"PropertyValueSpecification\",\"valueRequired\":true,\"valueName\":\"search_term_string\"}}],\"inLanguage\":\"en-US\"},{\"@type\":\"Organization\",\"@id\":\"https:\/\/mundijalprijateljstva-ulcinj.me\/#organization\",\"name\":\"Mundijalprijateljstva-ulcinj\",\"url\":\"https:\/\/mundijalprijateljstva-ulcinj.me\/\",\"logo\":{\"@type\":\"ImageObject\",\"inLanguage\":\"en-US\",\"@id\":\"https:\/\/mundijalprijateljstva-ulcinj.me\/#\/schema\/logo\/image\/\",\"url\":\"https:\/\/mundijalprijateljstva-ulcinj.me\/wp-content\/uploads\/2024\/12\/150x150.png\",\"contentUrl\":\"https:\/\/mundijalprijateljstva-ulcinj.me\/wp-content\/uploads\/2024\/12\/150x150.png\",\"width\":150,\"height\":150,\"caption\":\"Mundijalprijateljstva-ulcinj\"},\"image\":{\"@id\":\"https:\/\/mundijalprijateljstva-ulcinj.me\/#\/schema\/logo\/image\/\"}}]}<\/script>\n<!-- \/ Yoast SEO plugin. -->","yoast_head_json":{"title":"Mundijal 2024-Video - Mundijalprijateljstva-ulcinj","robots":{"index":"index","follow":"follow","max-snippet":"max-snippet:-1","max-image-preview":"max-image-preview:large","max-video-preview":"max-video-preview:-1"},"canonical":"https:\/\/mundijalprijateljstva-ulcinj.me\/en\/videos\/","og_locale":"en_US","og_type":"article","og_title":"Mundijal 2024-Video - Mundijalprijateljstva-ulcinj","og_description":"Snimci sa Mundijala Prijateljstva 3 (2024) Pogledajte kako na\u0161 grad Ulcinj slavi prijateljstvo kroz ove inspirativne snimke. Svaka pri\u010da, svaka slika govori o ljubavi, jedinstvu i snazi sporta . Pogledajte sve snimke Otkrijte vi\u0161e Mundijal prijateljstva 3 Insert iz filma &#8216;Vi\u0161e od igre, vi\u0161e od \u017eivota&#8217; autora Milutina Grgura, poznatog crnogorskog novinara. Film je posve\u0107en Mundijalu prijateljstva u Ulcinju. Ivica \u0160urjak iz Ulcinja sa prvog Mundijala prijateljstva 11.11.2022 Ivica \u0160urjak iz Ulcinja sa prvog Mundijala prijateljstva 11.11.2022 Iz Ulcinja i Crne Gore s ljubavlju\u2764! Na nedavno zavr\u0161enom tre\u0107em Mundijalu prijateljstva u Ulcinju, upaljena je baklja u znak podr\u0161ke i solidarnosti s gradjankama i gradjanima Bosne i Hercegovine povodom nedavnih poplava. Sve\u010dano otvaranje &#8220;Mundijala prijateljstva- Ulcinj 2024 Prikazi dolaska gostiju, pozdravnih govora lokalnih zvani\u010dnika, uklju\u010duju\u0107i poruke mira i zajedni\u0161tva. Ive Jerolimov, Vjeran \u0160imuni\u0107 i Ne\u0161et \u017daveli na fe\u0161ti u Ulcinju na Mundijalu prijateljstva . Snimci fe\u0161te sa tradicionalnim plesovima, muzikom i lokalnim specijalitetima","og_url":"https:\/\/mundijalprijateljstva-ulcinj.me\/en\/videos\/","og_site_name":"Mundijalprijateljstva-ulcinj","article_modified_time":"2024-12-16T16:55:50+00:00","twitter_card":"summary_large_image","twitter_misc":{"Est. reading time":"1 minute"},"schema":{"@context":"https:\/\/schema.org","@graph":[{"@type":"WebPage","@id":"https:\/\/mundijalprijateljstva-ulcinj.me\/videos\/","url":"https:\/\/mundijalprijateljstva-ulcinj.me\/videos\/","name":"Mundijal 2024-Video - Mundijalprijateljstva-ulcinj","isPartOf":{"@id":"https:\/\/mundijalprijateljstva-ulcinj.me\/#website"},"datePublished":"2024-12-12T12:46:43+00:00","dateModified":"2024-12-16T16:55:50+00:00","breadcrumb":{"@id":"https:\/\/mundijalprijateljstva-ulcinj.me\/videos\/#breadcrumb"},"inLanguage":"en-US","potentialAction":[{"@type":"ReadAction","target":["https:\/\/mundijalprijateljstva-ulcinj.me\/videos\/"]}]},{"@type":"BreadcrumbList","@id":"https:\/\/mundijalprijateljstva-ulcinj.me\/videos\/#breadcrumb","itemListElement":[{"@type":"ListItem","position":1,"name":"Home","item":"https:\/\/mundijalprijateljstva-ulcinj.me\/"},{"@type":"ListItem","position":2,"name":"Mundijal 2024-Video"}]},{"@type":"WebSite","@id":"https:\/\/mundijalprijateljstva-ulcinj.me\/#website","url":"https:\/\/mundijalprijateljstva-ulcinj.me\/","name":"Mundijalprijateljstva-ulcinj","description":"mundijalprijateljstva-ulcinj","publisher":{"@id":"https:\/\/mundijalprijateljstva-ulcinj.me\/#organization"},"potentialAction":[{"@type":"SearchAction","target":{"@type":"EntryPoint","urlTemplate":"https:\/\/mundijalprijateljstva-ulcinj.me\/?s={search_term_string}"},"query-input":{"@type":"PropertyValueSpecification","valueRequired":true,"valueName":"search_term_string"}}],"inLanguage":"en-US"},{"@type":"Organization","@id":"https:\/\/mundijalprijateljstva-ulcinj.me\/#organization","name":"Mundijalprijateljstva-ulcinj","url":"https:\/\/mundijalprijateljstva-ulcinj.me\/","logo":{"@type":"ImageObject","inLanguage":"en-US","@id":"https:\/\/mundijalprijateljstva-ulcinj.me\/#\/schema\/logo\/image\/","url":"https:\/\/mundijalprijateljstva-ulcinj.me\/wp-content\/uploads\/2024\/12\/150x150.png","contentUrl":"https:\/\/mundijalprijateljstva-ulcinj.me\/wp-content\/uploads\/2024\/12\/150x150.png","width":150,"height":150,"caption":"Mundijalprijateljstva-ulcinj"},"image":{"@id":"https:\/\/mundijalprijateljstva-ulcinj.me\/#\/schema\/logo\/image\/"}}]}},"_links":{"self":[{"href":"https:\/\/mundijalprijateljstva-ulcinj.me\/en\/wp-json\/wp\/v2\/pages\/1797","targetHints":{"allow":["GET"]}}],"collection":[{"href":"https:\/\/mundijalprijateljstva-ulcinj.me\/en\/wp-json\/wp\/v2\/pages"}],"about":[{"href":"https:\/\/mundijalprijateljstva-ulcinj.me\/en\/wp-json\/wp\/v2\/types\/page"}],"author":[{"embeddable":true,"href":"https:\/\/mundijalprijateljstva-ulcinj.me\/en\/wp-json\/wp\/v2\/users\/1"}],"replies":[{"embeddable":true,"href":"https:\/\/mundijalprijateljstva-ulcinj.me\/en\/wp-json\/wp\/v2\/comments?post=1797"}],"version-history":[{"count":0,"href":"https:\/\/mundijalprijateljstva-ulcinj.me\/en\/wp-json\/wp\/v2\/pages\/1797\/revisions"}],"wp:attachment":[{"href":"https:\/\/mundijalprijateljstva-ulcinj.me\/en\/wp-json\/wp\/v2\/media?parent=1797"}],"curies":[{"name":"wp","href":"https:\/\/api.w.org\/{rel}","templated":true}]}}