{"id":1801,"date":"2024-12-12T12:46:43","date_gmt":"2024-12-12T12:46:43","guid":{"rendered":"https:\/\/mundijalprijateljstva-ulcinj.me\/?page_id=1801"},"modified":"2024-12-16T17:01:15","modified_gmt":"2024-12-16T17:01:15","slug":"videos-2","status":"publish","type":"page","link":"https:\/\/mundijalprijateljstva-ulcinj.me\/sq\/videos-2\/","title":{"rendered":"Mundiali 2023 - Video"},"content":{"rendered":"<div data-elementor-type=\"wp-page\" data-elementor-id=\"1801\" class=\"elementor elementor-1801\">\n\t\t\t\t<div class=\"elementor-element elementor-element-490f5e94 e-con-full e-flex wpr-particle-no wpr-jarallax-no wpr-parallax-no wpr-sticky-section-no e-con e-parent\" data-id=\"490f5e94\" data-element_type=\"container\">\n\t\t<div class=\"elementor-element elementor-element-686521e2 e-flex e-con-boxed wpr-particle-no wpr-jarallax-no wpr-parallax-no wpr-sticky-section-no e-con e-child\" data-id=\"686521e2\" data-element_type=\"container\">\n\t\t\t\t\t<div class=\"e-con-inner\">\n\t\t<div class=\"elementor-element elementor-element-61b70257 e-con-full e-flex wpr-particle-no wpr-jarallax-no wpr-parallax-no wpr-sticky-section-no e-con e-child\" data-id=\"61b70257\" data-element_type=\"container\">\n\t\t\t\t<div class=\"elementor-element elementor-element-63c232c1 elementor-widget elementor-widget-heading\" data-id=\"63c232c1\" data-element_type=\"widget\" data-widget_type=\"heading.default\">\n\t\t\t\t<div class=\"elementor-widget-container\">\n\t\t\t<h1 class=\"elementor-heading-title elementor-size-default\">Pamjet nga Mundiali i Miq\u00ebsis\u00eb 2<\/h1>\t\t<\/div>\n\t\t\t\t<\/div>\n\t\t\t\t<div class=\"elementor-element elementor-element-19cc6524 elementor-widget elementor-widget-text-editor\" data-id=\"19cc6524\" data-element_type=\"widget\" data-widget_type=\"text-editor.default\">\n\t\t\t\t<div class=\"elementor-widget-container\">\n\t\t\t\t\t\t\t<p>Shikoni se si qyteti yn\u00eb Ulqin feston miq\u00ebsin\u00eb p\u00ebrmes k\u00ebtyre pamjeve inspiruese. \u00c7do histori, \u00e7do imazh flet p\u00ebr dashurin\u00eb, unitetin dhe forc\u00ebn e sportit.<\/p>\t\t\t\t\t\t<\/div>\n\t\t\t\t<\/div>\n\t\t<div class=\"elementor-element elementor-element-656e1937 e-flex e-con-boxed wpr-particle-no wpr-jarallax-no wpr-parallax-no wpr-sticky-section-no e-con e-child\" data-id=\"656e1937\" data-element_type=\"container\">\n\t\t\t\t\t<div class=\"e-con-inner\">\n\t\t\t\t<div class=\"elementor-element elementor-element-4b3021e elementor-widget__width-auto elementor-align-right elementor-widget elementor-widget-button\" data-id=\"4b3021e\" data-element_type=\"widget\" data-widget_type=\"button.default\">\n\t\t\t\t<div class=\"elementor-widget-container\">\n\t\t\t\t\t\t\t<div class=\"elementor-button-wrapper\">\n\t\t\t\t\t<a class=\"elementor-button elementor-button-link elementor-size-sm\" href=\"https:\/\/www.youtube.com\/@Mundijalprijateljstva-Ulcinj\">\n\t\t\t\t\t\t<span class=\"elementor-button-content-wrapper\">\n\t\t\t\t\t\t\t\t\t<span class=\"elementor-button-text\">Shikoni t\u00eb gjitha pamjet<\/span>\n\t\t\t\t\t<\/span>\n\t\t\t\t\t<\/a>\n\t\t\t\t<\/div>\n\t\t\t\t\t\t<\/div>\n\t\t\t\t<\/div>\n\t\t\t\t<div class=\"elementor-element elementor-element-62e08dc8 elementor-widget__width-auto elementor-align-right elementor-widget elementor-widget-button\" data-id=\"62e08dc8\" data-element_type=\"widget\" data-widget_type=\"button.default\">\n\t\t\t\t<div class=\"elementor-widget-container\">\n\t\t\t\t\t\t\t<div class=\"elementor-button-wrapper\">\n\t\t\t\t\t<a class=\"elementor-button elementor-button-link elementor-size-sm\" href=\"https:\/\/mundijalprijateljstva-ulcinj.me\/sq\/about-us\/\">\n\t\t\t\t\t\t<span class=\"elementor-button-content-wrapper\">\n\t\t\t\t\t\t\t\t\t<span class=\"elementor-button-text\">Zbulo m\u00eb shum\u00eb<\/span>\n\t\t\t\t\t<\/span>\n\t\t\t\t\t<\/a>\n\t\t\t\t<\/div>\n\t\t\t\t\t\t<\/div>\n\t\t\t\t<\/div>\n\t\t\t\t\t<\/div>\n\t\t\t\t<\/div>\n\t\t\t\t<\/div>\n\t\t<div class=\"elementor-element elementor-element-2bc9f227 e-con-full e-flex wpr-particle-no wpr-jarallax-no wpr-parallax-no wpr-sticky-section-no e-con e-child\" data-id=\"2bc9f227\" data-element_type=\"container\">\n\t\t\t\t<div class=\"elementor-element elementor-element-6e9fe090 elementor-widget elementor-widget-video\" data-id=\"6e9fe090\" data-element_type=\"widget\" data-settings=\"{&quot;youtube_url&quot;:&quot;https:\\\/\\\/www.youtube.com\\\/watch?v=AaSoRPT5X7s&amp;t=6s&quot;,&quot;video_type&quot;:&quot;youtube&quot;,&quot;controls&quot;:&quot;yes&quot;}\" data-widget_type=\"video.default\">\n\t\t\t\t<div class=\"elementor-widget-container\">\n\t\t\t\t\t<div class=\"elementor-wrapper elementor-open-inline\">\n\t\t\t<div class=\"elementor-video\"><\/div>\t\t<\/div>\n\t\t\t\t<\/div>\n\t\t\t\t<\/div>\n\t\t\t\t<\/div>\n\t\t\t\t\t<\/div>\n\t\t\t\t<\/div>\n\t\t\t\t<\/div>\n\t\t<div class=\"elementor-element elementor-element-6cea64d9 e-flex e-con-boxed wpr-particle-no wpr-jarallax-no wpr-parallax-no wpr-sticky-section-no e-con e-parent\" data-id=\"6cea64d9\" data-element_type=\"container\">\n\t\t\t\t\t<div class=\"e-con-inner\">\n\t\t\t\t<div class=\"elementor-element elementor-element-6c468055 elementor-widget elementor-widget-spacer\" data-id=\"6c468055\" data-element_type=\"widget\" data-widget_type=\"spacer.default\">\n\t\t\t\t<div class=\"elementor-widget-container\">\n\t\t\t\t\t<div class=\"elementor-spacer\">\n\t\t\t<div class=\"elementor-spacer-inner\"><\/div>\n\t\t<\/div>\n\t\t\t\t<\/div>\n\t\t\t\t<\/div>\n\t\t\t\t\t<\/div>\n\t\t\t\t<\/div>\n\t\t<div class=\"elementor-element elementor-element-176a06d7 e-flex e-con-boxed wpr-particle-no wpr-jarallax-no wpr-parallax-no wpr-sticky-section-no e-con e-parent\" data-id=\"176a06d7\" data-element_type=\"container\">\n\t\t\t\t\t<div class=\"e-con-inner\">\n\t\t\t\t<div class=\"elementor-element elementor-element-2b18fb5d elementor-widget elementor-widget-wpb-ea-videos-grid\" data-id=\"2b18fb5d\" data-element_type=\"widget\" data-widget_type=\"wpb-ea-videos-grid.default\">\n\t\t\t\t<div class=\"elementor-widget-container\">\n\t\t\t\t\t\t<div class=\"wpb-ea-videos-grid\">\n\t\t\t\t<div class=\"ea-row\">\n\t\t\t\t\t\n\t\t\t\t\t\t\n\t\t\t\t\t\t<div class=\"wpb-ea-videos-grid-item-column col-lg-4 col-md-6\">\n\t\t\t\t\t\t\t<div class=\"wpb-ea-videos-grid-item\">\n\t\t\t\t\t\t\t\t<div class=\"wpb-ea-videos-grid-item-inner\">\n\t\t\t\t\t\t\t\t\t<iframe title=\"Qyteti i Vjet\u00ebr Ulqin - Hotel Palata Venezia\" width=\"260\" height=\"146\" src=\"https:\/\/www.youtube.com\/embed\/phB70-wVdtM?feature=oembed\" frameborder=\"0\" allow=\"accelerometer; autoplay; clipboard-write; encrypted-media; gyroscope; picture-in-picture; web-share\" referrerpolicy=\"strict-origin-when-cross-origin\" allowfullscreen><\/iframe>\t\t\t\t\t\t\t\t\t<div class=\"wpb-video-content\">\n\t\t\t\t\t\t\t\t\t\t<h3>Mundiali i Miq\u00ebsis\u00eb  2<\/h3>\t\t\t\t\t\t\t\t\t\t<p>Qyteti i Vjet\u00ebr Ulqin - Hotel Palata Venezia<\/p>\n\t\t\t\t\t\t\t\t\t\t\t\t\t\t\t\t\t\t\t<\/div>\n\t\t\t\t\t\t\t\t<\/div>\n\t\t\t\t\t\t\t<\/div>\n\t\t\t\t\t\t<\/div>\n\t\t\t\t\t\n\t\t\t\t\t\t\n\t\t\t\t\t\t<div class=\"wpb-ea-videos-grid-item-column col-lg-4 col-md-6\">\n\t\t\t\t\t\t\t<div class=\"wpb-ea-videos-grid-item\">\n\t\t\t\t\t\t\t\t<div class=\"wpb-ea-videos-grid-item-inner\">\n\t\t\t\t\t\t\t\t\t<iframe title=\"Mundiali i Miq\u00ebsis\u00eb 2 - 26 N\u00ebntor 2023\" width=\"260\" height=\"146\" src=\"https:\/\/www.youtube.com\/embed\/W8oehMG8uOw?start=5&feature=oembed\" frameborder=\"0\" allow=\"accelerometer; autoplay; clipboard-write; encrypted-media; gyroscope; picture-in-picture; web-share\" referrerpolicy=\"strict-origin-when-cross-origin\" allowfullscreen><\/iframe>\t\t\t\t\t\t\t\t\t<div class=\"wpb-video-content\">\n\t\t\t\t\t\t\t\t\t\t<h3>Mundiali i Miq\u00ebsis\u00eb  2 <\/h3>\t\t\t\t\t\t\t\t\t\t<p>Hapja Shtes\u00eb <\/p>\n\t\t\t\t\t\t\t\t\t\t\t\t\t\t\t\t\t\t\t<\/div>\n\t\t\t\t\t\t\t\t<\/div>\n\t\t\t\t\t\t\t<\/div>\n\t\t\t\t\t\t<\/div>\n\t\t\t\t\t\n\t\t\t\t\t\t\n\t\t\t\t\t\t<div class=\"wpb-ea-videos-grid-item-column col-lg-4 col-md-6\">\n\t\t\t\t\t\t\t<div class=\"wpb-ea-videos-grid-item\">\n\t\t\t\t\t\t\t\t<div class=\"wpb-ea-videos-grid-item-inner\">\n\t\t\t\t\t\t\t\t\t<iframe title=\"Legjendat sportive dhe ambasador\u00ebt e sportit bot\u00ebror n\u00eb Ulqin n\u00eb II Mundialin e Miq\u00ebsis\u00eb 2023\" width=\"260\" height=\"146\" src=\"https:\/\/www.youtube.com\/embed\/ODBcnt_UiH8?feature=oembed\" frameborder=\"0\" allow=\"accelerometer; autoplay; clipboard-write; encrypted-media; gyroscope; picture-in-picture; web-share\" referrerpolicy=\"strict-origin-when-cross-origin\" allowfullscreen><\/iframe>\t\t\t\t\t\t\t\t\t<div class=\"wpb-video-content\">\n\t\t\t\t\t\t\t\t\t\t<h3>Mundiali i Miq\u00ebsis\u00eb  2 <\/h3>\t\t\t\t\t\t\t\t\t\t<p>Legjendat sportive dhe ambasador\u00ebt e sportit bot\u00ebror n\u00eb Ulqin .<\/p>\n\t\t\t\t\t\t\t\t\t\t\t\t\t\t\t\t\t\t\t<\/div>\n\t\t\t\t\t\t\t\t<\/div>\n\t\t\t\t\t\t\t<\/div>\n\t\t\t\t\t\t<\/div>\n\t\t\t\t\t\n\t\t\t\t\t\t\n\t\t\t\t\t\t<div class=\"wpb-ea-videos-grid-item-column col-lg-4 col-md-6\">\n\t\t\t\t\t\t\t<div class=\"wpb-ea-videos-grid-item\">\n\t\t\t\t\t\t\t\t<div class=\"wpb-ea-videos-grid-item-inner\">\n\t\t\t\t\t\t\t\t\t<iframe title=\"Profesori Ismet Karamanaga, mikprit\u00ebs dhe udh\u00ebheq\u00ebs n\u00eb Qytetin e Vjet\u00ebr.&quot;\" width=\"260\" height=\"146\" src=\"https:\/\/www.youtube.com\/embed\/FbmXSOrA2II?feature=oembed\" frameborder=\"0\" allow=\"accelerometer; autoplay; clipboard-write; encrypted-media; gyroscope; picture-in-picture; web-share\" referrerpolicy=\"strict-origin-when-cross-origin\" allowfullscreen><\/iframe>\t\t\t\t\t\t\t\t\t<div class=\"wpb-video-content\">\n\t\t\t\t\t\t\t\t\t\t<h3>Profesori Ismet Karamanaga, mikprit\u00ebs dhe udh\u00ebheq\u00ebs n\u00eb Qytetin e Vjet\u00ebr.\"<\/h3>\t\t\t\t\t\t\t\t\t\t<p>Posebna zahvalnost g.Ismetu Karamanagi, koji svake godine  se dru\u017ei i vodi goste  Mundijala, kroz Ulcinj, posebno  kroz Stari grad.  <\/p>\n\t\t\t\t\t\t\t\t\t\t\t\t\t\t\t\t\t\t\t<\/div>\n\t\t\t\t\t\t\t\t<\/div>\n\t\t\t\t\t\t\t<\/div>\n\t\t\t\t\t\t<\/div>\n\t\t\t\t\t\n\t\t\t\t\t\t\n\t\t\t\t\t\t<div class=\"wpb-ea-videos-grid-item-column col-lg-4 col-md-6\">\n\t\t\t\t\t\t\t<div class=\"wpb-ea-videos-grid-item\">\n\t\t\t\t\t\t\t\t<div class=\"wpb-ea-videos-grid-item-inner\">\n\t\t\t\t\t\t\t\t\t<iframe title=\"Mysafir\u00ebt e &quot;Mundialit t\u00eb Miq\u00ebsis\u00eb&quot; i dor\u00ebzojn\u00eb mikprit\u00ebsit Pavle Pep\u0111onovi\u00e7 fanellat e klubeve t\u00eb tyre\" width=\"260\" height=\"146\" src=\"https:\/\/www.youtube.com\/embed\/U2pxgNQxyz0?feature=oembed\" frameborder=\"0\" allow=\"accelerometer; autoplay; clipboard-write; encrypted-media; gyroscope; picture-in-picture; web-share\" referrerpolicy=\"strict-origin-when-cross-origin\" allowfullscreen><\/iframe>\t\t\t\t\t\t\t\t\t<div class=\"wpb-video-content\">\n\t\t\t\t\t\t\t\t\t\t<h3>Gosti &quot;Mundijala prijateljstva&quot; uru\u010duju doma\u0107inu Pavlu Pep\u0111onovi\u0107u dresove svojih klubova<\/h3>\t\t\t\t\t\t\t\t\t\t<p>N\u00eb k\u00ebt\u00eb video, mysafir\u00ebt e \"Mundialit t\u00eb Miq\u00ebsis\u00eb\" i dor\u00ebzojn\u00eb mikprit\u00ebsit Pavle Pep\u0111onovi\u00e7 fanellat e klubeve t\u00eb tyre si nj\u00eb simbol i unitetit dhe miq\u00ebsis\u00eb.<\/p>\n\t\t\t\t\t\t\t\t\t\t\t\t\t\t\t\t\t\t\t<\/div>\n\t\t\t\t\t\t\t\t<\/div>\n\t\t\t\t\t\t\t<\/div>\n\t\t\t\t\t\t<\/div>\n\t\t\t\t\t\n\t\t\t\t\t\t\n\t\t\t\t\t\t<div class=\"wpb-ea-videos-grid-item-column col-lg-4 col-md-6\">\n\t\t\t\t\t\t\t<div class=\"wpb-ea-videos-grid-item\">\n\t\t\t\t\t\t\t\t<div class=\"wpb-ea-videos-grid-item-inner\">\n\t\t\t\t\t\t\t\t\t<iframe title=\"Ulqin - 2023 - Mbledhja e legjendave sportive para fillimit t\u00eb Mundialit t\u00eb dyt\u00eb.\" width=\"260\" height=\"146\" src=\"https:\/\/www.youtube.com\/embed\/TJyY7f5yX7M?start=25&feature=oembed\" frameborder=\"0\" allow=\"accelerometer; autoplay; clipboard-write; encrypted-media; gyroscope; picture-in-picture; web-share\" referrerpolicy=\"strict-origin-when-cross-origin\" allowfullscreen><\/iframe>\t\t\t\t\t\t\t\t\t<div class=\"wpb-video-content\">\n\t\t\t\t\t\t\t\t\t\t<h3>Ulqin - 2023 - Mbledhja e legjendave sportive para fillimit t\u00eb Mundialit t\u00eb dyt\u00eb.<\/h3>\t\t\t\t\t\t\t\t\t\t\t\t\t\t\t\t\t\t\t\t\t\t\t\t\t\t\t\t\t<\/div>\n\t\t\t\t\t\t\t\t<\/div>\n\t\t\t\t\t\t\t<\/div>\n\t\t\t\t\t\t<\/div>\n\t\t\t\t\t\t\t\t\t<\/div>\n\t\t\t<\/div>\n\t\t\t\t\t<\/div>\n\t\t\t\t<\/div>\n\t\t\t\t\t<\/div>\n\t\t\t\t<\/div>\n\t\t\t\t<\/div>","protected":false},"excerpt":{"rendered":"<p>Snimci sa Mundijala Prijateljstva 2 (2023) Pogledajte kako na\u0161 grad Ulcinj slavi prijateljstvo kroz ove inspirativne snimke. Svaka pri\u010da, svaka slika govori o ljubavi, jedinstvu i snazi sporta . Pogledajte sve snimke Otkrijte vi\u0161e Mundijal prijateljstva 2 Stari grad Ulcinj &#8211; Hotel Palata Venezia. Mundijal prijateljstva 2 Sve\u010dano otvaranje Mundijal prijateljstva 2 Sportske legende i ambasadori svjetskog sporta u Ulcinju. Profesor Ismet Karamanaga, doma\u0107in i vodi\u010d u Starom gradu. Posebna zahvalnost g.Ismetu Karamanagi, koji svake godine se dru\u017ei i vodi goste Mundijala, kroz Ulcinj, posebno kroz Stari grad. Gosti &quot;Mundijala prijateljstva&quot; uru\u010duju doma\u0107inu Pavlu Pep\u0111onovi\u0107u dresove svojih klubova U ovom videu, gosti &#8220;Mundijala prijateljstva&#8221; uru\u010duju doma\u0107inu Pavlu Pep\u0111onovi\u0107u dresove svojih klubova kao simbol zajedni\u0161tva i prijateljstva. Ulcinj -2023 &#8211; Okupljanje sportskih legendi pred po\u010detak drugog Mundijala.<\/p>","protected":false},"author":1,"featured_media":0,"parent":0,"menu_order":0,"comment_status":"closed","ping_status":"closed","template":"","meta":{"footnotes":""},"class_list":["post-1801","page","type-page","status-publish","hentry"],"yoast_head":"<!-- This site is optimized with the Yoast SEO plugin v24.0 - https:\/\/yoast.com\/wordpress\/plugins\/seo\/ -->\n<title>Mundijal 2023-Video - Mundijalprijateljstva-ulcinj<\/title>\n<meta name=\"robots\" content=\"index, follow, max-snippet:-1, max-image-preview:large, max-video-preview:-1\" \/>\n<link rel=\"canonical\" href=\"https:\/\/mundijalprijateljstva-ulcinj.me\/sq\/videos-2\/\" \/>\n<meta property=\"og:locale\" content=\"sq_AL\" \/>\n<meta property=\"og:type\" content=\"article\" \/>\n<meta property=\"og:title\" content=\"Mundijal 2023-Video - Mundijalprijateljstva-ulcinj\" \/>\n<meta property=\"og:description\" content=\"Snimci sa Mundijala Prijateljstva 2 (2023) Pogledajte kako na\u0161 grad Ulcinj slavi prijateljstvo kroz ove inspirativne snimke. Svaka pri\u010da, svaka slika govori o ljubavi, jedinstvu i snazi sporta . Pogledajte sve snimke Otkrijte vi\u0161e Mundijal prijateljstva 2 Stari grad Ulcinj &#8211; Hotel Palata Venezia. Mundijal prijateljstva 2 Sve\u010dano otvaranje Mundijal prijateljstva 2 Sportske legende i ambasadori svjetskog sporta u Ulcinju. Profesor Ismet Karamanaga, doma\u0107in i vodi\u010d u Starom gradu. Posebna zahvalnost g.Ismetu Karamanagi, koji svake godine se dru\u017ei i vodi goste Mundijala, kroz Ulcinj, posebno kroz Stari grad. Gosti &quot;Mundijala prijateljstva&quot; uru\u010duju doma\u0107inu Pavlu Pep\u0111onovi\u0107u dresove svojih klubova U ovom videu, gosti &#8220;Mundijala prijateljstva&#8221; uru\u010duju doma\u0107inu Pavlu Pep\u0111onovi\u0107u dresove svojih klubova kao simbol zajedni\u0161tva i prijateljstva. Ulcinj -2023 &#8211; Okupljanje sportskih legendi pred po\u010detak drugog Mundijala.\" \/>\n<meta property=\"og:url\" content=\"https:\/\/mundijalprijateljstva-ulcinj.me\/sq\/videos-2\/\" \/>\n<meta property=\"og:site_name\" content=\"Mundijalprijateljstva-ulcinj\" \/>\n<meta property=\"article:modified_time\" content=\"2024-12-16T17:01:15+00:00\" \/>\n<meta name=\"twitter:card\" content=\"summary_large_image\" \/>\n<meta name=\"twitter:label1\" content=\"Est. reading time\" \/>\n\t<meta name=\"twitter:data1\" content=\"1 minut\u00eb\" \/>\n<script type=\"application\/ld+json\" class=\"yoast-schema-graph\">{\"@context\":\"https:\/\/schema.org\",\"@graph\":[{\"@type\":\"WebPage\",\"@id\":\"https:\/\/mundijalprijateljstva-ulcinj.me\/videos-2\/\",\"url\":\"https:\/\/mundijalprijateljstva-ulcinj.me\/videos-2\/\",\"name\":\"Mundijal 2023-Video - Mundijalprijateljstva-ulcinj\",\"isPartOf\":{\"@id\":\"https:\/\/mundijalprijateljstva-ulcinj.me\/#website\"},\"datePublished\":\"2024-12-12T12:46:43+00:00\",\"dateModified\":\"2024-12-16T17:01:15+00:00\",\"breadcrumb\":{\"@id\":\"https:\/\/mundijalprijateljstva-ulcinj.me\/videos-2\/#breadcrumb\"},\"inLanguage\":\"sq\",\"potentialAction\":[{\"@type\":\"ReadAction\",\"target\":[\"https:\/\/mundijalprijateljstva-ulcinj.me\/videos-2\/\"]}]},{\"@type\":\"BreadcrumbList\",\"@id\":\"https:\/\/mundijalprijateljstva-ulcinj.me\/videos-2\/#breadcrumb\",\"itemListElement\":[{\"@type\":\"ListItem\",\"position\":1,\"name\":\"Home\",\"item\":\"https:\/\/mundijalprijateljstva-ulcinj.me\/\"},{\"@type\":\"ListItem\",\"position\":2,\"name\":\"Mundijal 2023-Video\"}]},{\"@type\":\"WebSite\",\"@id\":\"https:\/\/mundijalprijateljstva-ulcinj.me\/#website\",\"url\":\"https:\/\/mundijalprijateljstva-ulcinj.me\/\",\"name\":\"Mundijalprijateljstva-ulcinj\",\"description\":\"mundijalprijateljstva-ulcinj\",\"publisher\":{\"@id\":\"https:\/\/mundijalprijateljstva-ulcinj.me\/#organization\"},\"potentialAction\":[{\"@type\":\"SearchAction\",\"target\":{\"@type\":\"EntryPoint\",\"urlTemplate\":\"https:\/\/mundijalprijateljstva-ulcinj.me\/?s={search_term_string}\"},\"query-input\":{\"@type\":\"PropertyValueSpecification\",\"valueRequired\":true,\"valueName\":\"search_term_string\"}}],\"inLanguage\":\"sq\"},{\"@type\":\"Organization\",\"@id\":\"https:\/\/mundijalprijateljstva-ulcinj.me\/#organization\",\"name\":\"Mundijalprijateljstva-ulcinj\",\"url\":\"https:\/\/mundijalprijateljstva-ulcinj.me\/\",\"logo\":{\"@type\":\"ImageObject\",\"inLanguage\":\"sq\",\"@id\":\"https:\/\/mundijalprijateljstva-ulcinj.me\/#\/schema\/logo\/image\/\",\"url\":\"https:\/\/mundijalprijateljstva-ulcinj.me\/wp-content\/uploads\/2024\/12\/150x150.png\",\"contentUrl\":\"https:\/\/mundijalprijateljstva-ulcinj.me\/wp-content\/uploads\/2024\/12\/150x150.png\",\"width\":150,\"height\":150,\"caption\":\"Mundijalprijateljstva-ulcinj\"},\"image\":{\"@id\":\"https:\/\/mundijalprijateljstva-ulcinj.me\/#\/schema\/logo\/image\/\"}}]}<\/script>\n<!-- \/ Yoast SEO plugin. -->","yoast_head_json":{"title":"Mundijal 2023-Video - Mundijalprijateljstva-ulcinj","robots":{"index":"index","follow":"follow","max-snippet":"max-snippet:-1","max-image-preview":"max-image-preview:large","max-video-preview":"max-video-preview:-1"},"canonical":"https:\/\/mundijalprijateljstva-ulcinj.me\/sq\/videos-2\/","og_locale":"sq_AL","og_type":"article","og_title":"Mundijal 2023-Video - Mundijalprijateljstva-ulcinj","og_description":"Snimci sa Mundijala Prijateljstva 2 (2023) Pogledajte kako na\u0161 grad Ulcinj slavi prijateljstvo kroz ove inspirativne snimke. Svaka pri\u010da, svaka slika govori o ljubavi, jedinstvu i snazi sporta . Pogledajte sve snimke Otkrijte vi\u0161e Mundijal prijateljstva 2 Stari grad Ulcinj &#8211; Hotel Palata Venezia. Mundijal prijateljstva 2 Sve\u010dano otvaranje Mundijal prijateljstva 2 Sportske legende i ambasadori svjetskog sporta u Ulcinju. Profesor Ismet Karamanaga, doma\u0107in i vodi\u010d u Starom gradu. Posebna zahvalnost g.Ismetu Karamanagi, koji svake godine se dru\u017ei i vodi goste Mundijala, kroz Ulcinj, posebno kroz Stari grad. Gosti &quot;Mundijala prijateljstva&quot; uru\u010duju doma\u0107inu Pavlu Pep\u0111onovi\u0107u dresove svojih klubova U ovom videu, gosti &#8220;Mundijala prijateljstva&#8221; uru\u010duju doma\u0107inu Pavlu Pep\u0111onovi\u0107u dresove svojih klubova kao simbol zajedni\u0161tva i prijateljstva. Ulcinj -2023 &#8211; Okupljanje sportskih legendi pred po\u010detak drugog Mundijala.","og_url":"https:\/\/mundijalprijateljstva-ulcinj.me\/sq\/videos-2\/","og_site_name":"Mundijalprijateljstva-ulcinj","article_modified_time":"2024-12-16T17:01:15+00:00","twitter_card":"summary_large_image","twitter_misc":{"Est. reading time":"1 minut\u00eb"},"schema":{"@context":"https:\/\/schema.org","@graph":[{"@type":"WebPage","@id":"https:\/\/mundijalprijateljstva-ulcinj.me\/videos-2\/","url":"https:\/\/mundijalprijateljstva-ulcinj.me\/videos-2\/","name":"Mundijal 2023-Video - Mundijalprijateljstva-ulcinj","isPartOf":{"@id":"https:\/\/mundijalprijateljstva-ulcinj.me\/#website"},"datePublished":"2024-12-12T12:46:43+00:00","dateModified":"2024-12-16T17:01:15+00:00","breadcrumb":{"@id":"https:\/\/mundijalprijateljstva-ulcinj.me\/videos-2\/#breadcrumb"},"inLanguage":"sq","potentialAction":[{"@type":"ReadAction","target":["https:\/\/mundijalprijateljstva-ulcinj.me\/videos-2\/"]}]},{"@type":"BreadcrumbList","@id":"https:\/\/mundijalprijateljstva-ulcinj.me\/videos-2\/#breadcrumb","itemListElement":[{"@type":"ListItem","position":1,"name":"Home","item":"https:\/\/mundijalprijateljstva-ulcinj.me\/"},{"@type":"ListItem","position":2,"name":"Mundijal 2023-Video"}]},{"@type":"WebSite","@id":"https:\/\/mundijalprijateljstva-ulcinj.me\/#website","url":"https:\/\/mundijalprijateljstva-ulcinj.me\/","name":"Mundijalprijateljstva-ulcinj","description":"mundijalprijateljstva-ulcinj","publisher":{"@id":"https:\/\/mundijalprijateljstva-ulcinj.me\/#organization"},"potentialAction":[{"@type":"SearchAction","target":{"@type":"EntryPoint","urlTemplate":"https:\/\/mundijalprijateljstva-ulcinj.me\/?s={search_term_string}"},"query-input":{"@type":"PropertyValueSpecification","valueRequired":true,"valueName":"search_term_string"}}],"inLanguage":"sq"},{"@type":"Organization","@id":"https:\/\/mundijalprijateljstva-ulcinj.me\/#organization","name":"Mundijalprijateljstva-ulcinj","url":"https:\/\/mundijalprijateljstva-ulcinj.me\/","logo":{"@type":"ImageObject","inLanguage":"sq","@id":"https:\/\/mundijalprijateljstva-ulcinj.me\/#\/schema\/logo\/image\/","url":"https:\/\/mundijalprijateljstva-ulcinj.me\/wp-content\/uploads\/2024\/12\/150x150.png","contentUrl":"https:\/\/mundijalprijateljstva-ulcinj.me\/wp-content\/uploads\/2024\/12\/150x150.png","width":150,"height":150,"caption":"Mundijalprijateljstva-ulcinj"},"image":{"@id":"https:\/\/mundijalprijateljstva-ulcinj.me\/#\/schema\/logo\/image\/"}}]}},"_links":{"self":[{"href":"https:\/\/mundijalprijateljstva-ulcinj.me\/sq\/wp-json\/wp\/v2\/pages\/1801","targetHints":{"allow":["GET"]}}],"collection":[{"href":"https:\/\/mundijalprijateljstva-ulcinj.me\/sq\/wp-json\/wp\/v2\/pages"}],"about":[{"href":"https:\/\/mundijalprijateljstva-ulcinj.me\/sq\/wp-json\/wp\/v2\/types\/page"}],"author":[{"embeddable":true,"href":"https:\/\/mundijalprijateljstva-ulcinj.me\/sq\/wp-json\/wp\/v2\/users\/1"}],"replies":[{"embeddable":true,"href":"https:\/\/mundijalprijateljstva-ulcinj.me\/sq\/wp-json\/wp\/v2\/comments?post=1801"}],"version-history":[{"count":0,"href":"https:\/\/mundijalprijateljstva-ulcinj.me\/sq\/wp-json\/wp\/v2\/pages\/1801\/revisions"}],"wp:attachment":[{"href":"https:\/\/mundijalprijateljstva-ulcinj.me\/sq\/wp-json\/wp\/v2\/media?parent=1801"}],"curies":[{"name":"wp","href":"https:\/\/api.w.org\/{rel}","templated":true}]}}