{"id":1805,"date":"2024-12-12T12:46:43","date_gmt":"2024-12-12T12:46:43","guid":{"rendered":"https:\/\/mundijalprijateljstva-ulcinj.me\/?page_id=1805"},"modified":"2024-12-16T16:57:04","modified_gmt":"2024-12-16T16:57:04","slug":"videos-3","status":"publish","type":"page","link":"https:\/\/mundijalprijateljstva-ulcinj.me\/sq\/videos-3\/","title":{"rendered":"Mundijal 2022-Video"},"content":{"rendered":"<div data-elementor-type=\"wp-page\" data-elementor-id=\"1805\" class=\"elementor elementor-1805\">\n\t\t\t\t<div class=\"elementor-element elementor-element-635659d e-flex e-con-boxed wpr-particle-no wpr-jarallax-no wpr-parallax-no wpr-sticky-section-no e-con e-parent\" data-id=\"635659d\" data-element_type=\"container\">\n\t\t\t\t\t<div class=\"e-con-inner\">\n\t\t\t\t\t<\/div>\n\t\t\t\t<\/div>\n\t\t<div class=\"elementor-element elementor-element-16edcf50 e-flex e-con-boxed wpr-particle-no wpr-jarallax-no wpr-parallax-no wpr-sticky-section-no e-con e-parent\" data-id=\"16edcf50\" data-element_type=\"container\">\n\t\t\t\t\t<div class=\"e-con-inner\">\n\t\t<div class=\"elementor-element elementor-element-74da9009 e-flex e-con-boxed wpr-particle-no wpr-jarallax-no wpr-parallax-no wpr-sticky-section-no e-con e-child\" data-id=\"74da9009\" data-element_type=\"container\">\n\t\t\t\t\t<div class=\"e-con-inner\">\n\t\t<div class=\"elementor-element elementor-element-69e0cf14 e-con-full e-flex wpr-particle-no wpr-jarallax-no wpr-parallax-no wpr-sticky-section-no e-con e-child\" data-id=\"69e0cf14\" data-element_type=\"container\">\n\t\t\t\t<div class=\"elementor-element elementor-element-4dbe568c elementor-widget elementor-widget-heading\" data-id=\"4dbe568c\" data-element_type=\"widget\" data-widget_type=\"heading.default\">\n\t\t\t\t<div class=\"elementor-widget-container\">\n\t\t\t<h1 class=\"elementor-heading-title elementor-size-default\">Pamje nga Mundiali i Miq\u00ebsis\u00eb 1 (2022)<\/h1>\t\t<\/div>\n\t\t\t\t<\/div>\n\t\t\t\t<div class=\"elementor-element elementor-element-70b12466 elementor-widget elementor-widget-text-editor\" data-id=\"70b12466\" data-element_type=\"widget\" data-widget_type=\"text-editor.default\">\n\t\t\t\t<div class=\"elementor-widget-container\">\n\t\t\t\t\t\t\t<p>Shikoni se si qyteti yn\u00eb Ulqin feston miq\u00ebsin\u00eb p\u00ebrmes k\u00ebtyre pamjeve inspiruese. \u00c7do histori, \u00e7do imazh flet p\u00ebr dashurin\u00eb, unitetin dhe forc\u00ebn e sportit.<\/p>\t\t\t\t\t\t<\/div>\n\t\t\t\t<\/div>\n\t\t<div class=\"elementor-element elementor-element-237a6d71 e-flex e-con-boxed wpr-particle-no wpr-jarallax-no wpr-parallax-no wpr-sticky-section-no e-con e-child\" data-id=\"237a6d71\" data-element_type=\"container\">\n\t\t\t\t\t<div class=\"e-con-inner\">\n\t\t\t\t<div class=\"elementor-element elementor-element-43ac007 elementor-widget__width-auto elementor-align-right elementor-widget elementor-widget-button\" data-id=\"43ac007\" data-element_type=\"widget\" data-widget_type=\"button.default\">\n\t\t\t\t<div class=\"elementor-widget-container\">\n\t\t\t\t\t\t\t<div class=\"elementor-button-wrapper\">\n\t\t\t\t\t<a class=\"elementor-button elementor-button-link elementor-size-sm\" href=\"https:\/\/www.youtube.com\/@Mundijalprijateljstva-Ulcinj\">\n\t\t\t\t\t\t<span class=\"elementor-button-content-wrapper\">\n\t\t\t\t\t\t\t\t\t<span class=\"elementor-button-text\">Shikoni t\u00eb gjitha pamjet<\/span>\n\t\t\t\t\t<\/span>\n\t\t\t\t\t<\/a>\n\t\t\t\t<\/div>\n\t\t\t\t\t\t<\/div>\n\t\t\t\t<\/div>\n\t\t\t\t<div class=\"elementor-element elementor-element-ebec2ab elementor-widget__width-auto elementor-align-right elementor-widget elementor-widget-button\" data-id=\"ebec2ab\" data-element_type=\"widget\" data-widget_type=\"button.default\">\n\t\t\t\t<div class=\"elementor-widget-container\">\n\t\t\t\t\t\t\t<div class=\"elementor-button-wrapper\">\n\t\t\t\t\t<a class=\"elementor-button elementor-button-link elementor-size-sm\" href=\"https:\/\/mundijalprijateljstva-ulcinj.me\/sq\/about-us\/\">\n\t\t\t\t\t\t<span class=\"elementor-button-content-wrapper\">\n\t\t\t\t\t\t\t\t\t<span class=\"elementor-button-text\">Zbulo m\u00eb shum\u00eb<\/span>\n\t\t\t\t\t<\/span>\n\t\t\t\t\t<\/a>\n\t\t\t\t<\/div>\n\t\t\t\t\t\t<\/div>\n\t\t\t\t<\/div>\n\t\t\t\t\t<\/div>\n\t\t\t\t<\/div>\n\t\t\t\t<\/div>\n\t\t<div class=\"elementor-element elementor-element-653e3def e-con-full e-flex wpr-particle-no wpr-jarallax-no wpr-parallax-no wpr-sticky-section-no e-con e-child\" data-id=\"653e3def\" data-element_type=\"container\">\n\t\t\t\t<div class=\"elementor-element elementor-element-5d52344f elementor-widget elementor-widget-video\" data-id=\"5d52344f\" data-element_type=\"widget\" data-settings=\"{&quot;youtube_url&quot;:&quot;https:\\\/\\\/www.youtube.com\\\/watch?v=5MUClTe0A4M&amp;t=3s&quot;,&quot;video_type&quot;:&quot;youtube&quot;,&quot;controls&quot;:&quot;yes&quot;}\" data-widget_type=\"video.default\">\n\t\t\t\t<div class=\"elementor-widget-container\">\n\t\t\t\t\t<div class=\"elementor-wrapper elementor-open-inline\">\n\t\t\t<div class=\"elementor-video\"><\/div>\t\t<\/div>\n\t\t\t\t<\/div>\n\t\t\t\t<\/div>\n\t\t\t\t<\/div>\n\t\t\t\t\t<\/div>\n\t\t\t\t<\/div>\n\t\t\t\t\t<\/div>\n\t\t\t\t<\/div>\n\t\t<div class=\"elementor-element elementor-element-6b90ac37 e-flex e-con-boxed wpr-particle-no wpr-jarallax-no wpr-parallax-no wpr-sticky-section-no e-con e-parent\" data-id=\"6b90ac37\" data-element_type=\"container\">\n\t\t\t\t\t<div class=\"e-con-inner\">\n\t\t\t\t<div class=\"elementor-element elementor-element-181abe87 elementor-widget elementor-widget-spacer\" data-id=\"181abe87\" data-element_type=\"widget\" data-widget_type=\"spacer.default\">\n\t\t\t\t<div class=\"elementor-widget-container\">\n\t\t\t\t\t<div class=\"elementor-spacer\">\n\t\t\t<div class=\"elementor-spacer-inner\"><\/div>\n\t\t<\/div>\n\t\t\t\t<\/div>\n\t\t\t\t<\/div>\n\t\t\t\t\t<\/div>\n\t\t\t\t<\/div>\n\t\t<div class=\"elementor-element elementor-element-5022b466 e-flex e-con-boxed wpr-particle-no wpr-jarallax-no wpr-parallax-no wpr-sticky-section-no e-con e-parent\" data-id=\"5022b466\" data-element_type=\"container\">\n\t\t\t\t\t<div class=\"e-con-inner\">\n\t\t\t\t<div class=\"elementor-element elementor-element-377e4ea5 elementor-widget elementor-widget-wpb-ea-videos-grid\" data-id=\"377e4ea5\" data-element_type=\"widget\" data-widget_type=\"wpb-ea-videos-grid.default\">\n\t\t\t\t<div class=\"elementor-widget-container\">\n\t\t\t\t\t\t<div class=\"wpb-ea-videos-grid\">\n\t\t\t\t<div class=\"ea-row\">\n\t\t\t\t\t\n\t\t\t\t\t\t\n\t\t\t\t\t\t<div class=\"wpb-ea-videos-grid-item-column col-lg-4 col-md-6\">\n\t\t\t\t\t\t\t<div class=\"wpb-ea-videos-grid-item\">\n\t\t\t\t\t\t\t\t<div class=\"wpb-ea-videos-grid-item-inner\">\n\t\t\t\t\t\t\t\t\t<iframe title=\"Hapja solemne e &quot;Mundialit t\u00eb Miq\u00ebsis\u00eb Ulqin&quot; 2022\" width=\"260\" height=\"146\" src=\"https:\/\/www.youtube.com\/embed\/gKQfi08uA9k?start=4&feature=oembed\" frameborder=\"0\" allow=\"accelerometer; autoplay; clipboard-write; encrypted-media; gyroscope; picture-in-picture; web-share\" referrerpolicy=\"strict-origin-when-cross-origin\" allowfullscreen><\/iframe>\t\t\t\t\t\t\t\t\t<div class=\"wpb-video-content\">\n\t\t\t\t\t\t\t\t\t\t<h3>Mundiali i Miq\u00ebsis\u00eb 1<\/h3>\t\t\t\t\t\t\t\t\t\t<p>Hapja Shtes\u00eb <\/p>\n\t\t\t\t\t\t\t\t\t\t\t\t\t\t\t\t\t\t\t<\/div>\n\t\t\t\t\t\t\t\t<\/div>\n\t\t\t\t\t\t\t<\/div>\n\t\t\t\t\t\t<\/div>\n\t\t\t\t\t\n\t\t\t\t\t\t\n\t\t\t\t\t\t<div class=\"wpb-ea-videos-grid-item-column col-lg-4 col-md-6\">\n\t\t\t\t\t\t\t<div class=\"wpb-ea-videos-grid-item\">\n\t\t\t\t\t\t\t\t<div class=\"wpb-ea-videos-grid-item-inner\">\n\t\t\t\t\t\t\t\t\t<iframe title=\"Mundiali i Miq\u00ebsis\u00eb Ulqin - Premier\u00eb n\u00eb Mal t\u00eb Zi e filmit dokumentar &quot;Loja e Ivanit&quot;\" width=\"260\" height=\"146\" src=\"https:\/\/www.youtube.com\/embed\/o4MfQHrvBPY?feature=oembed\" frameborder=\"0\" allow=\"accelerometer; autoplay; clipboard-write; encrypted-media; gyroscope; picture-in-picture; web-share\" referrerpolicy=\"strict-origin-when-cross-origin\" allowfullscreen><\/iframe>\t\t\t\t\t\t\t\t\t<div class=\"wpb-video-content\">\n\t\t\t\t\t\t\t\t\t\t<h3>Mundiali i Miq\u00ebsis\u00eb 1 <\/h3>\t\t\t\t\t\t\t\t\t\t<p>Mundiali i Miq\u00ebsis\u00eb Ulqin - Premier\u00eb n\u00eb Mal t\u00eb Zi e filmit dokumentar \"Loja e Ivanit\"<\/p>\n\t\t\t\t\t\t\t\t\t\t\t\t\t\t\t\t\t\t\t<\/div>\n\t\t\t\t\t\t\t\t<\/div>\n\t\t\t\t\t\t\t<\/div>\n\t\t\t\t\t\t<\/div>\n\t\t\t\t\t\n\t\t\t\t\t\t\n\t\t\t\t\t\t<div class=\"wpb-ea-videos-grid-item-column col-lg-4 col-md-6\">\n\t\t\t\t\t\t\t<div class=\"wpb-ea-videos-grid-item\">\n\t\t\t\t\t\t\t\t<div class=\"wpb-ea-videos-grid-item-inner\">\n\t\t\t\t\t\t\t\t\t<iframe title=\"Ardhja e Ivan Gudelit dhe mysafir\u00ebve n\u00eb Ulqin\" width=\"260\" height=\"146\" src=\"https:\/\/www.youtube.com\/embed\/jPzcwQceHS4?feature=oembed\" frameborder=\"0\" allow=\"accelerometer; autoplay; clipboard-write; encrypted-media; gyroscope; picture-in-picture; web-share\" referrerpolicy=\"strict-origin-when-cross-origin\" allowfullscreen><\/iframe>\t\t\t\t\t\t\t\t\t<div class=\"wpb-video-content\">\n\t\t\t\t\t\t\t\t\t\t<h3>Mundiali i Miq\u00ebsis\u00eb 1<\/h3>\t\t\t\t\t\t\t\t\t\t<p>Ardhja e Ivan Gudelit dhe mysafir\u00ebve n\u00eb Ulqin<\/p>\n\t\t\t\t\t\t\t\t\t\t\t\t\t\t\t\t\t\t\t<\/div>\n\t\t\t\t\t\t\t\t<\/div>\n\t\t\t\t\t\t\t<\/div>\n\t\t\t\t\t\t<\/div>\n\t\t\t\t\t\n\t\t\t\t\t\t\n\t\t\t\t\t\t<div class=\"wpb-ea-videos-grid-item-column col-lg-4 col-md-6\">\n\t\t\t\t\t\t\t<div class=\"wpb-ea-videos-grid-item\">\n\t\t\t\t\t\t\t\t<div class=\"wpb-ea-videos-grid-item-inner\">\n\t\t\t\t\t\t\t\t\t<iframe title=\"Ulqin, 10 n\u00ebntor 2022 - Mbledhja e legjendave sportive para fillimit t\u00eb par\u00eb t\u00eb Mundialit.\" width=\"260\" height=\"146\" src=\"https:\/\/www.youtube.com\/embed\/qUPnh9uuFI8?feature=oembed\" frameborder=\"0\" allow=\"accelerometer; autoplay; clipboard-write; encrypted-media; gyroscope; picture-in-picture; web-share\" referrerpolicy=\"strict-origin-when-cross-origin\" allowfullscreen><\/iframe>\t\t\t\t\t\t\t\t\t<div class=\"wpb-video-content\">\n\t\t\t\t\t\t\t\t\t\t<h3>Mundiali i Miq\u00ebsis\u00eb 1<\/h3>\t\t\t\t\t\t\t\t\t\t<p>Ulqin, 10 n\u00ebntor 2022 - Mbledhja e legjendave sportive para fillimit t\u00eb par\u00eb t\u00eb Mundialit.<\/p>\n\t\t\t\t\t\t\t\t\t\t\t\t\t\t\t\t\t\t\t<\/div>\n\t\t\t\t\t\t\t\t<\/div>\n\t\t\t\t\t\t\t<\/div>\n\t\t\t\t\t\t<\/div>\n\t\t\t\t\t\n\t\t\t\t\t\t\n\t\t\t\t\t\t<div class=\"wpb-ea-videos-grid-item-column col-lg-4 col-md-6\">\n\t\t\t\t\t\t\t<div class=\"wpb-ea-videos-grid-item\">\n\t\t\t\t\t\t\t\t<div class=\"wpb-ea-videos-grid-item-inner\">\n\t\t\t\t\t\t\t\t\t<iframe title=\"Ivan Gudelj nga Spliti d\u00ebrgon nj\u00eb mesazh dhe njofton Mundialin e Par\u00eb t\u00eb Miq\u00ebsis\u00eb n\u00eb Ulqin.\" width=\"260\" height=\"146\" src=\"https:\/\/www.youtube.com\/embed\/ZCCS4pe6wrk?feature=oembed\" frameborder=\"0\" allow=\"accelerometer; autoplay; clipboard-write; encrypted-media; gyroscope; picture-in-picture; web-share\" referrerpolicy=\"strict-origin-when-cross-origin\" allowfullscreen><\/iframe>\t\t\t\t\t\t\t\t\t<div class=\"wpb-video-content\">\n\t\t\t\t\t\t\t\t\t\t<h3>Ivan Gudelj nga Spliti d\u00ebrgon nj\u00eb mesazh dhe njofton Mundialin e Par\u00eb t\u00eb Miq\u00ebsis\u00eb n\u00eb Ulqin.<\/h3>\t\t\t\t\t\t\t\t\t\t<p>Futbollisti i njohur \"Hajduk\" Ivan Gudelj promovoi filmin \"Lojtari Ivan\", i drejtuar nga Tomislav \u017daja, dhe librin \"Historia e Hajdukut\", t\u00eb autorit Bla\u017eo Duplan\u00e7i\u0107, m\u00eb 11 n\u00ebntor n\u00eb Ulqin n\u00eb \"Mundiali i Miq\u00ebsis\u00eb Ulqin 2022.\"<\/p>\n\t\t\t\t\t\t\t\t\t\t\t\t\t\t\t\t\t\t\t<\/div>\n\t\t\t\t\t\t\t\t<\/div>\n\t\t\t\t\t\t\t<\/div>\n\t\t\t\t\t\t<\/div>\n\t\t\t\t\t\n\t\t\t\t\t\t\n\t\t\t\t\t\t<div class=\"wpb-ea-videos-grid-item-column col-lg-4 col-md-6\">\n\t\t\t\t\t\t\t<div class=\"wpb-ea-videos-grid-item\">\n\t\t\t\t\t\t\t\t<div class=\"wpb-ea-videos-grid-item-inner\">\n\t\t\t\t\t\t\t\t\t<iframe title=\"Ulqin, 10 n\u00ebntor 2022 - Mbledhja e legjendave sportive para fillimit t\u00eb par\u00eb t\u00eb Mundialit.\" width=\"260\" height=\"146\" src=\"https:\/\/www.youtube.com\/embed\/wAm1bPgE3zs?feature=oembed\" frameborder=\"0\" allow=\"accelerometer; autoplay; clipboard-write; encrypted-media; gyroscope; picture-in-picture; web-share\" referrerpolicy=\"strict-origin-when-cross-origin\" allowfullscreen><\/iframe>\t\t\t\t\t\t\t\t\t<div class=\"wpb-video-content\">\n\t\t\t\t\t\t\t\t\t\t<h3>Mundiali i Miq\u00ebsis\u00eb 1<\/h3>\t\t\t\t\t\t\t\t\t\t<p>Ulqin, 10 n\u00ebntor 2022 - Mbledhja e legjendave sportive para fillimit t\u00eb par\u00eb t\u00eb Mundialit.<\/p>\n\t\t\t\t\t\t\t\t\t\t\t\t\t\t\t\t\t\t\t<\/div>\n\t\t\t\t\t\t\t\t<\/div>\n\t\t\t\t\t\t\t<\/div>\n\t\t\t\t\t\t<\/div>\n\t\t\t\t\t\t\t\t\t<\/div>\n\t\t\t<\/div>\n\t\t\t\t\t<\/div>\n\t\t\t\t<\/div>\n\t\t\t\t\t<\/div>\n\t\t\t\t<\/div>\n\t\t\t\t<\/div>","protected":false},"excerpt":{"rendered":"<p>Snimci sa Mundijala Prijateljstva 1 (2022) Pogledajte kako na\u0161 grad Ulcinj slavi prijateljstvo kroz ove inspirativne snimke. Svaka pri\u010da, svaka slika govori o ljubavi, jedinstvu i snazi sporta . Pogledajte sve snimke Otkrijte vi\u0161e Mundijal prijateljstva 1 Sve\u010dano otvaranje Mundijal prijateljstva 1 Mundijal prijateljstva Ulcinj &#8211; Crnogorska premijera dokumentarnog filma &#8220;Ivanova igra&#8221; Mundijal prijateljstva 1 Dolazak Ivana Gudelja i gostiju u Ulcinj Mundijal prijateljstva 1 Ulcinj 10.11.2022 &#8211; Okupljanje sportskih legendi pred po\u010detak prvog Mundijala. Ivan Gudelj iz Splita \u0161alje poruku i najavljuje prvi Mundijal prijateljstva u Ulcinju. Proslavljeni \u201eHajdukov\u201c fudbaler Ivan Gudelj promovisao je 11. novembra u Ulcinju na &#8220;Mundijalu prijateljstva Ulcinj 2022&#8221; film \u201eIvanova igra\u201c u re\u017eiji Tomislava \u017daje i knjigu \u201eHajdu\u010dka pri\u010da\u201c, autora Bla\u017ea Duplan\u010di\u0107a o legendardnom Gudelju. Mundijal prijateljstva 1 Ulcinj 10.11.2022 &#8211; Okupljanje sportskih legendi pred po\u010detak prvog Mundijala.<\/p>","protected":false},"author":1,"featured_media":0,"parent":0,"menu_order":0,"comment_status":"closed","ping_status":"closed","template":"","meta":{"footnotes":""},"class_list":["post-1805","page","type-page","status-publish","hentry"],"yoast_head":"<!-- This site is optimized with the Yoast SEO plugin v24.0 - https:\/\/yoast.com\/wordpress\/plugins\/seo\/ -->\n<title>Mundijal 2022-Video - Mundijalprijateljstva-ulcinj<\/title>\n<meta name=\"robots\" content=\"index, follow, max-snippet:-1, max-image-preview:large, max-video-preview:-1\" \/>\n<link rel=\"canonical\" href=\"https:\/\/mundijalprijateljstva-ulcinj.me\/sq\/videos-3\/\" \/>\n<meta property=\"og:locale\" content=\"sq_AL\" \/>\n<meta property=\"og:type\" content=\"article\" \/>\n<meta property=\"og:title\" content=\"Mundijal 2022-Video - Mundijalprijateljstva-ulcinj\" \/>\n<meta property=\"og:description\" content=\"Snimci sa Mundijala Prijateljstva 1 (2022) Pogledajte kako na\u0161 grad Ulcinj slavi prijateljstvo kroz ove inspirativne snimke. Svaka pri\u010da, svaka slika govori o ljubavi, jedinstvu i snazi sporta . Pogledajte sve snimke Otkrijte vi\u0161e Mundijal prijateljstva 1 Sve\u010dano otvaranje Mundijal prijateljstva 1 Mundijal prijateljstva Ulcinj &#8211; Crnogorska premijera dokumentarnog filma &#8220;Ivanova igra&#8221; Mundijal prijateljstva 1 Dolazak Ivana Gudelja i gostiju u Ulcinj Mundijal prijateljstva 1 Ulcinj 10.11.2022 &#8211; Okupljanje sportskih legendi pred po\u010detak prvog Mundijala. Ivan Gudelj iz Splita \u0161alje poruku i najavljuje prvi Mundijal prijateljstva u Ulcinju. Proslavljeni \u201eHajdukov\u201c fudbaler Ivan Gudelj promovisao je 11. novembra u Ulcinju na &#8220;Mundijalu prijateljstva Ulcinj 2022&#8221; film \u201eIvanova igra\u201c u re\u017eiji Tomislava \u017daje i knjigu \u201eHajdu\u010dka pri\u010da\u201c, autora Bla\u017ea Duplan\u010di\u0107a o legendardnom Gudelju. Mundijal prijateljstva 1 Ulcinj 10.11.2022 &#8211; Okupljanje sportskih legendi pred po\u010detak prvog Mundijala.\" \/>\n<meta property=\"og:url\" content=\"https:\/\/mundijalprijateljstva-ulcinj.me\/sq\/videos-3\/\" \/>\n<meta property=\"og:site_name\" content=\"Mundijalprijateljstva-ulcinj\" \/>\n<meta property=\"article:modified_time\" content=\"2024-12-16T16:57:04+00:00\" \/>\n<meta name=\"twitter:card\" content=\"summary_large_image\" \/>\n<meta name=\"twitter:label1\" content=\"Est. reading time\" \/>\n\t<meta name=\"twitter:data1\" content=\"1 minut\u00eb\" \/>\n<script type=\"application\/ld+json\" class=\"yoast-schema-graph\">{\"@context\":\"https:\/\/schema.org\",\"@graph\":[{\"@type\":\"WebPage\",\"@id\":\"https:\/\/mundijalprijateljstva-ulcinj.me\/videos-3\/\",\"url\":\"https:\/\/mundijalprijateljstva-ulcinj.me\/videos-3\/\",\"name\":\"Mundijal 2022-Video - Mundijalprijateljstva-ulcinj\",\"isPartOf\":{\"@id\":\"https:\/\/mundijalprijateljstva-ulcinj.me\/#website\"},\"datePublished\":\"2024-12-12T12:46:43+00:00\",\"dateModified\":\"2024-12-16T16:57:04+00:00\",\"breadcrumb\":{\"@id\":\"https:\/\/mundijalprijateljstva-ulcinj.me\/videos-3\/#breadcrumb\"},\"inLanguage\":\"sq\",\"potentialAction\":[{\"@type\":\"ReadAction\",\"target\":[\"https:\/\/mundijalprijateljstva-ulcinj.me\/videos-3\/\"]}]},{\"@type\":\"BreadcrumbList\",\"@id\":\"https:\/\/mundijalprijateljstva-ulcinj.me\/videos-3\/#breadcrumb\",\"itemListElement\":[{\"@type\":\"ListItem\",\"position\":1,\"name\":\"Home\",\"item\":\"https:\/\/mundijalprijateljstva-ulcinj.me\/\"},{\"@type\":\"ListItem\",\"position\":2,\"name\":\"Mundijal 2022-Video\"}]},{\"@type\":\"WebSite\",\"@id\":\"https:\/\/mundijalprijateljstva-ulcinj.me\/#website\",\"url\":\"https:\/\/mundijalprijateljstva-ulcinj.me\/\",\"name\":\"Mundijalprijateljstva-ulcinj\",\"description\":\"mundijalprijateljstva-ulcinj\",\"publisher\":{\"@id\":\"https:\/\/mundijalprijateljstva-ulcinj.me\/#organization\"},\"potentialAction\":[{\"@type\":\"SearchAction\",\"target\":{\"@type\":\"EntryPoint\",\"urlTemplate\":\"https:\/\/mundijalprijateljstva-ulcinj.me\/?s={search_term_string}\"},\"query-input\":{\"@type\":\"PropertyValueSpecification\",\"valueRequired\":true,\"valueName\":\"search_term_string\"}}],\"inLanguage\":\"sq\"},{\"@type\":\"Organization\",\"@id\":\"https:\/\/mundijalprijateljstva-ulcinj.me\/#organization\",\"name\":\"Mundijalprijateljstva-ulcinj\",\"url\":\"https:\/\/mundijalprijateljstva-ulcinj.me\/\",\"logo\":{\"@type\":\"ImageObject\",\"inLanguage\":\"sq\",\"@id\":\"https:\/\/mundijalprijateljstva-ulcinj.me\/#\/schema\/logo\/image\/\",\"url\":\"https:\/\/mundijalprijateljstva-ulcinj.me\/wp-content\/uploads\/2024\/12\/150x150.png\",\"contentUrl\":\"https:\/\/mundijalprijateljstva-ulcinj.me\/wp-content\/uploads\/2024\/12\/150x150.png\",\"width\":150,\"height\":150,\"caption\":\"Mundijalprijateljstva-ulcinj\"},\"image\":{\"@id\":\"https:\/\/mundijalprijateljstva-ulcinj.me\/#\/schema\/logo\/image\/\"}}]}<\/script>\n<!-- \/ Yoast SEO plugin. -->","yoast_head_json":{"title":"Mundijal 2022-Video - Mundijalprijateljstva-ulcinj","robots":{"index":"index","follow":"follow","max-snippet":"max-snippet:-1","max-image-preview":"max-image-preview:large","max-video-preview":"max-video-preview:-1"},"canonical":"https:\/\/mundijalprijateljstva-ulcinj.me\/sq\/videos-3\/","og_locale":"sq_AL","og_type":"article","og_title":"Mundijal 2022-Video - Mundijalprijateljstva-ulcinj","og_description":"Snimci sa Mundijala Prijateljstva 1 (2022) Pogledajte kako na\u0161 grad Ulcinj slavi prijateljstvo kroz ove inspirativne snimke. Svaka pri\u010da, svaka slika govori o ljubavi, jedinstvu i snazi sporta . Pogledajte sve snimke Otkrijte vi\u0161e Mundijal prijateljstva 1 Sve\u010dano otvaranje Mundijal prijateljstva 1 Mundijal prijateljstva Ulcinj &#8211; Crnogorska premijera dokumentarnog filma &#8220;Ivanova igra&#8221; Mundijal prijateljstva 1 Dolazak Ivana Gudelja i gostiju u Ulcinj Mundijal prijateljstva 1 Ulcinj 10.11.2022 &#8211; Okupljanje sportskih legendi pred po\u010detak prvog Mundijala. Ivan Gudelj iz Splita \u0161alje poruku i najavljuje prvi Mundijal prijateljstva u Ulcinju. Proslavljeni \u201eHajdukov\u201c fudbaler Ivan Gudelj promovisao je 11. novembra u Ulcinju na &#8220;Mundijalu prijateljstva Ulcinj 2022&#8221; film \u201eIvanova igra\u201c u re\u017eiji Tomislava \u017daje i knjigu \u201eHajdu\u010dka pri\u010da\u201c, autora Bla\u017ea Duplan\u010di\u0107a o legendardnom Gudelju. Mundijal prijateljstva 1 Ulcinj 10.11.2022 &#8211; Okupljanje sportskih legendi pred po\u010detak prvog Mundijala.","og_url":"https:\/\/mundijalprijateljstva-ulcinj.me\/sq\/videos-3\/","og_site_name":"Mundijalprijateljstva-ulcinj","article_modified_time":"2024-12-16T16:57:04+00:00","twitter_card":"summary_large_image","twitter_misc":{"Est. reading time":"1 minut\u00eb"},"schema":{"@context":"https:\/\/schema.org","@graph":[{"@type":"WebPage","@id":"https:\/\/mundijalprijateljstva-ulcinj.me\/videos-3\/","url":"https:\/\/mundijalprijateljstva-ulcinj.me\/videos-3\/","name":"Mundijal 2022-Video - Mundijalprijateljstva-ulcinj","isPartOf":{"@id":"https:\/\/mundijalprijateljstva-ulcinj.me\/#website"},"datePublished":"2024-12-12T12:46:43+00:00","dateModified":"2024-12-16T16:57:04+00:00","breadcrumb":{"@id":"https:\/\/mundijalprijateljstva-ulcinj.me\/videos-3\/#breadcrumb"},"inLanguage":"sq","potentialAction":[{"@type":"ReadAction","target":["https:\/\/mundijalprijateljstva-ulcinj.me\/videos-3\/"]}]},{"@type":"BreadcrumbList","@id":"https:\/\/mundijalprijateljstva-ulcinj.me\/videos-3\/#breadcrumb","itemListElement":[{"@type":"ListItem","position":1,"name":"Home","item":"https:\/\/mundijalprijateljstva-ulcinj.me\/"},{"@type":"ListItem","position":2,"name":"Mundijal 2022-Video"}]},{"@type":"WebSite","@id":"https:\/\/mundijalprijateljstva-ulcinj.me\/#website","url":"https:\/\/mundijalprijateljstva-ulcinj.me\/","name":"Mundijalprijateljstva-ulcinj","description":"mundijalprijateljstva-ulcinj","publisher":{"@id":"https:\/\/mundijalprijateljstva-ulcinj.me\/#organization"},"potentialAction":[{"@type":"SearchAction","target":{"@type":"EntryPoint","urlTemplate":"https:\/\/mundijalprijateljstva-ulcinj.me\/?s={search_term_string}"},"query-input":{"@type":"PropertyValueSpecification","valueRequired":true,"valueName":"search_term_string"}}],"inLanguage":"sq"},{"@type":"Organization","@id":"https:\/\/mundijalprijateljstva-ulcinj.me\/#organization","name":"Mundijalprijateljstva-ulcinj","url":"https:\/\/mundijalprijateljstva-ulcinj.me\/","logo":{"@type":"ImageObject","inLanguage":"sq","@id":"https:\/\/mundijalprijateljstva-ulcinj.me\/#\/schema\/logo\/image\/","url":"https:\/\/mundijalprijateljstva-ulcinj.me\/wp-content\/uploads\/2024\/12\/150x150.png","contentUrl":"https:\/\/mundijalprijateljstva-ulcinj.me\/wp-content\/uploads\/2024\/12\/150x150.png","width":150,"height":150,"caption":"Mundijalprijateljstva-ulcinj"},"image":{"@id":"https:\/\/mundijalprijateljstva-ulcinj.me\/#\/schema\/logo\/image\/"}}]}},"_links":{"self":[{"href":"https:\/\/mundijalprijateljstva-ulcinj.me\/sq\/wp-json\/wp\/v2\/pages\/1805","targetHints":{"allow":["GET"]}}],"collection":[{"href":"https:\/\/mundijalprijateljstva-ulcinj.me\/sq\/wp-json\/wp\/v2\/pages"}],"about":[{"href":"https:\/\/mundijalprijateljstva-ulcinj.me\/sq\/wp-json\/wp\/v2\/types\/page"}],"author":[{"embeddable":true,"href":"https:\/\/mundijalprijateljstva-ulcinj.me\/sq\/wp-json\/wp\/v2\/users\/1"}],"replies":[{"embeddable":true,"href":"https:\/\/mundijalprijateljstva-ulcinj.me\/sq\/wp-json\/wp\/v2\/comments?post=1805"}],"version-history":[{"count":0,"href":"https:\/\/mundijalprijateljstva-ulcinj.me\/sq\/wp-json\/wp\/v2\/pages\/1805\/revisions"}],"wp:attachment":[{"href":"https:\/\/mundijalprijateljstva-ulcinj.me\/sq\/wp-json\/wp\/v2\/media?parent=1805"}],"curies":[{"name":"wp","href":"https:\/\/api.w.org\/{rel}","templated":true}]}}