{"id":1806,"date":"2024-12-12T12:46:43","date_gmt":"2024-12-12T12:46:43","guid":{"rendered":"https:\/\/mundijalprijateljstva-ulcinj.me\/?page_id=1806"},"modified":"2024-12-16T16:31:46","modified_gmt":"2024-12-16T16:31:46","slug":"sity-ulcinj","status":"publish","type":"page","link":"https:\/\/mundijalprijateljstva-ulcinj.me\/sq\/sity-ulcinj\/","title":{"rendered":"Ulqini"},"content":{"rendered":"<div data-elementor-type=\"wp-page\" data-elementor-id=\"1806\" class=\"elementor elementor-1806\">\n\t\t\t\t<div class=\"elementor-element elementor-element-3058dbb40 e-flex e-con-boxed wpr-particle-no wpr-jarallax-no wpr-parallax-no wpr-sticky-section-no e-con e-parent\" data-id=\"3058dbb40\" data-element_type=\"container\" data-settings=\"{&quot;background_background&quot;:&quot;classic&quot;}\">\n\t\t\t\t\t<div class=\"e-con-inner\">\n\t\t\t\t<div class=\"elementor-element elementor-element-fdbd5d2 elementor-widget elementor-widget-heading\" data-id=\"fdbd5d2\" data-element_type=\"widget\" data-widget_type=\"heading.default\">\n\t\t\t\t<div class=\"elementor-widget-container\">\n\t\t\t<h3 class=\"elementor-heading-title elementor-size-default\">Ulqini, Qyteti Mik i Mundialit t\u00eb Miq\u00ebsis\u00eb<\/h3>\t\t<\/div>\n\t\t\t\t<\/div>\n\t\t\t\t\t<\/div>\n\t\t\t\t<\/div>\n\t\t<div class=\"elementor-element elementor-element-35b5c95d e-flex e-con-boxed wpr-particle-no wpr-jarallax-no wpr-parallax-no wpr-sticky-section-no elementor-invisible e-con e-parent\" data-id=\"35b5c95d\" data-element_type=\"container\" data-settings=\"{&quot;animation&quot;:&quot;zoomIn&quot;}\">\n\t\t\t\t\t<div class=\"e-con-inner\">\n\t\t\t\t<div class=\"elementor-element elementor-element-50189c elementor-widget elementor-widget-text-editor\" data-id=\"50189c\" data-element_type=\"widget\" data-widget_type=\"text-editor.default\">\n\t\t\t\t<div class=\"elementor-widget-container\">\n\t\t\t\t\t\t\t<p>Ulqini \u00ebsht\u00eb nj\u00eb qytet piktoresk i vendosur n\u00eb jug t\u00eb Malit t\u00eb Zi, i njohur p\u00ebr historin\u00eb e tij t\u00eb pasur dhe trash\u00ebgimin\u00eb kulturore.\n\nPlazhet e tij t\u00eb bukura, si Plazhi i Madh dhe kompleksin e Plazhit t\u00eb Vog\u00ebl, t\u00ebrheqin vizitor\u00eb nga e gjith\u00eb bota.\n\nQyteti i Vjet\u00ebr, me rrugicat e tij t\u00eb ngushta dhe ndikimin venecian, ofron monumente fascinante, duke p\u00ebrfshir\u00eb nj\u00eb fortes\u00eb me nj\u00eb pamje spektakolare t\u00eb detit.\n\nUlqini \u00ebsht\u00eb gjithashtu i njohur p\u00ebr gastronomin\u00eb e tij t\u00eb larmishme, q\u00eb p\u00ebrfshin fruta deti t\u00eb fresk\u00ebta dhe pjata tradicionale.\n\nKy qytet \u00ebsht\u00eb nj\u00eb destinacion ideal p\u00ebr dashamir\u00ebsit e natyr\u00ebs, kultur\u00ebs dhe sporteve, me aktivitete t\u00eb shumta si vaterpolo dhe velat.\n\nUlqini p\u00ebrfaq\u00ebson nj\u00eb p\u00ebrzierje t\u00eb p\u00ebrsosur t\u00eb tradit\u00ebs dhe turizmit modern.<\/p>\t\t\t\t\t\t<\/div>\n\t\t\t\t<\/div>\n\t\t\t\t\t<\/div>\n\t\t\t\t<\/div>\n\t\t\t\t<section class=\"elementor-section elementor-top-section elementor-element elementor-element-3cf8f4a90 elementor-section-boxed elementor-section-height-default elementor-section-height-default wpr-particle-no wpr-jarallax-no wpr-parallax-no wpr-sticky-section-no\" data-id=\"3cf8f4a90\" data-element_type=\"section\">\n\t\t\t\t\t\t<div class=\"elementor-container elementor-column-gap-default\">\n\t\t\t\t\t<div class=\"elementor-column elementor-col-100 elementor-top-column elementor-element elementor-element-227e094d\" data-id=\"227e094d\" data-element_type=\"column\">\n\t\t\t<div class=\"elementor-widget-wrap elementor-element-populated\">\n\t\t\t\t\t\t<div class=\"elementor-element elementor-element-130dd761 wpr-adv-slider-columns-1 wpr-adv-slider-columns--tablet1 wpr-adv-slider-columns--mobile1 wpr-adv-slides-to-scroll-1 wpr-slider-dots-horizontal elementor-widget elementor-widget-wpr-advanced-slider\" data-id=\"130dd761\" data-element_type=\"widget\" data-settings=\"{&quot;slider_amount&quot;:&quot;1&quot;,&quot;slider_amount_tablet&quot;:1,&quot;slider_amount_mobile&quot;:1,&quot;slides_to_scroll&quot;:1,&quot;slider_loop&quot;:&quot;yes&quot;,&quot;slider_video_btn_size&quot;:&quot;medium&quot;}\" data-widget_type=\"wpr-advanced-slider.default\">\n\t\t\t\t<div class=\"elementor-widget-container\">\n\t\t\t\n\t\t<!-- Advanced Slider -->\n\t\t<div class=\"wpr-advanced-slider-wrap\">\n\t\t\t\n\t\t\t<div class=\"wpr-advanced-slider\" dir=\"ltr\" data-slick=\"{&quot;rtl&quot;:false,&quot;infinite&quot;:true,&quot;speed&quot;:700,&quot;arrows&quot;:true,&quot;dots&quot;:true,&quot;autoplay&quot;:false,&quot;autoplaySpeed&quot;:0,&quot;pauseOnHover&quot;:&quot;&quot;,&quot;prevArrow&quot;:&quot;#wpr-slider-prev-130dd761&quot;,&quot;nextArrow&quot;:&quot;#wpr-slider-next-130dd761&quot;,&quot;vertical&quot;:false,&quot;adaptiveHeight&quot;:true}\" data-video-btn-size=\"{&quot;widescreen&quot;:&quot;medium&quot;,&quot;desktop&quot;:&quot;medium&quot;,&quot;laptop&quot;:&quot;medium&quot;,&quot;tablet_extra&quot;:&quot;medium&quot;,&quot;tablet&quot;:&quot;medium&quot;,&quot;mobile_extra&quot;:&quot;medium&quot;,&quot;mobile&quot;:&quot;medium&quot;}\" data-slide-effect=\"slide\">\n\t\t\t\t<div class=\"wpr-slider-item elementor-repeater-item-7f0dddd\"><div class=\"wpr-slider-item-bg\" style=\"background-image: url(https:\/\/mundijalprijateljstva-ulcinj.me\/wp-content\/uploads\/2024\/12\/dsc_0118.jpg)\"><\/div><div class=\"wpr-slider-item-overlay\"><\/div><div class=\"wpr-cv-container\"><div class=\"wpr-cv-outer\"><div class=\"wpr-cv-inner\"><\/div><\/div><\/div><\/div><div class=\"wpr-slider-item elementor-repeater-item-16bc528\"><div class=\"wpr-slider-item-bg\" style=\"background-image: url(https:\/\/mundijalprijateljstva-ulcinj.me\/wp-content\/uploads\/2024\/12\/2834164068_fc3b9982e8_b.jpg)\"><\/div><div class=\"wpr-cv-container\"><div class=\"wpr-cv-outer\"><div class=\"wpr-cv-inner\"><\/div><\/div><\/div><\/div><div class=\"wpr-slider-item elementor-repeater-item-a99e830\"><div class=\"wpr-slider-item-bg\" style=\"background-image: url(https:\/\/mundijalprijateljstva-ulcinj.me\/wp-content\/uploads\/2024\/12\/dsc_0020.jpg)\"><\/div><div class=\"wpr-slider-item-overlay\"><\/div><div class=\"wpr-cv-container\"><div class=\"wpr-cv-outer\"><div class=\"wpr-cv-inner\"><\/div><\/div><\/div><\/div>\t\t\t<\/div>\n\t\t\t<div class=\"wpr-slider-controls\">\n\t\t\t\t<div class=\"wpr-slider-dots\"><\/div>\n\t\t\t<\/div>\n\n\t\t\t<div class=\"wpr-slider-arrow-container\">\n\t\t\t\t<div class=\"wpr-slider-prev-arrow wpr-slider-arrow\" id=\"wpr-slider-prev-130dd761\">\n\t\t\t\t\t<svg version=\"1.1\" xmlns=\"http:\/\/www.w3.org\/2000\/svg\" xmlns:xlink=\"http:\/\/www.w3.org\/1999\/xlink\" x=\"0px\" y=\"0px\" viewbox=\"0 0 259.6 512\" style=\"enable-background:new 0 0 259.6 512;\" xml:space=\"preserve\"><g><path class=\"st0\" d=\"M256.6,18.1L126.2,256.1l130.6,237.6c3.6,5.6,3.9,10.8,0.2,14.9c-0.2,0.2-0.2,0.3-0.3,0.3s-0.3,0.3-0.3,0.3c-3.9,3.9-10.3,3.6-14.2-0.3L2.9,263.6c-2-2.1-3.1-4.7-2.9-7.5c0-2.8,1-5.6,3.1-7.7L242,3.1c4.1-4.1,10.6-4.1,14.6,0l0,0C260.7,7.3,260.5,10.9,256.6,18.1z\"\/><\/g><\/svg>\t\t\t\t<\/div>\n\t\t\t\t<div class=\"wpr-slider-next-arrow wpr-slider-arrow\" id=\"wpr-slider-next-130dd761\">\n\t\t\t\t\t<svg version=\"1.1\" xmlns=\"http:\/\/www.w3.org\/2000\/svg\" xmlns:xlink=\"http:\/\/www.w3.org\/1999\/xlink\" x=\"0px\" y=\"0px\" viewbox=\"0 0 259.6 512\" style=\"enable-background:new 0 0 259.6 512;\" xml:space=\"preserve\"><g><path class=\"st0\" d=\"M256.6,18.1L126.2,256.1l130.6,237.6c3.6,5.6,3.9,10.8,0.2,14.9c-0.2,0.2-0.2,0.3-0.3,0.3s-0.3,0.3-0.3,0.3c-3.9,3.9-10.3,3.6-14.2-0.3L2.9,263.6c-2-2.1-3.1-4.7-2.9-7.5c0-2.8,1-5.6,3.1-7.7L242,3.1c4.1-4.1,10.6-4.1,14.6,0l0,0C260.7,7.3,260.5,10.9,256.6,18.1z\"\/><\/g><\/svg>\t\t\t\t<\/div>\n\t\t\t<\/div>\n\t\t\t\n\t\t\t\n\t\t<\/div>\n\t\t\t\t<\/div>\n\t\t\t\t<\/div>\n\t\t\t\t\t<\/div>\n\t\t<\/div>\n\t\t\t\t\t<\/div>\n\t\t<\/section>\n\t\t\t\t<\/div>","protected":false},"excerpt":{"rendered":"<p>ULCINJ GRAD DOMA\u0106IN MUNDIJALA PRIJATELJSTVA Ulcinj je slikovit grad smje\u0161ten na jugu Crne Gore, poznat po svojoj bogatoj istoriji i kulturnom naslje\u0111u. Njegove predivne pla\u017ee, poput Velike pla\u017ee i Malog pla\u017enog naselja, privla\u010de posjetitelje iz cijelog svijeta. Stari grad, sa svojim uskim ulicama i venecijanskim utjecajem, nudi fascinantne znamenitosti, uklju\u010duju\u0107i tvr\u0111avu sa spektakularnim pogledom na more. Ulcinj je tako\u0111e poznat po raznolikoj gastronomiji, koja uklju\u010duje svje\u017ee morske plodove i tradicionalna jela. Ovaj grad je idealna destinacija za ljubitelje prirode, kulture i sporta, sa brojnim aktivnostima poput vaterpola i jedrenja. Ulcinj predstavlja savr\u0161en spoj tradicije i modernog turizma..<\/p>","protected":false},"author":1,"featured_media":0,"parent":0,"menu_order":0,"comment_status":"closed","ping_status":"closed","template":"","meta":{"footnotes":""},"class_list":["post-1806","page","type-page","status-publish","hentry"],"yoast_head":"<!-- This site is optimized with the Yoast SEO plugin v24.0 - https:\/\/yoast.com\/wordpress\/plugins\/seo\/ -->\n<title>City Ulcinj - Mundijalprijateljstva-ulcinj<\/title>\n<meta name=\"robots\" content=\"index, follow, max-snippet:-1, max-image-preview:large, max-video-preview:-1\" \/>\n<link rel=\"canonical\" href=\"https:\/\/mundijalprijateljstva-ulcinj.me\/sq\/sity-ulcinj\/\" \/>\n<meta property=\"og:locale\" content=\"sq_AL\" \/>\n<meta property=\"og:type\" content=\"article\" \/>\n<meta property=\"og:title\" content=\"City Ulcinj - Mundijalprijateljstva-ulcinj\" \/>\n<meta property=\"og:description\" content=\"ULCINJ GRAD DOMA\u0106IN MUNDIJALA PRIJATELJSTVA Ulcinj je slikovit grad smje\u0161ten na jugu Crne Gore, poznat po svojoj bogatoj istoriji i kulturnom naslje\u0111u. Njegove predivne pla\u017ee, poput Velike pla\u017ee i Malog pla\u017enog naselja, privla\u010de posjetitelje iz cijelog svijeta. Stari grad, sa svojim uskim ulicama i venecijanskim utjecajem, nudi fascinantne znamenitosti, uklju\u010duju\u0107i tvr\u0111avu sa spektakularnim pogledom na more. Ulcinj je tako\u0111e poznat po raznolikoj gastronomiji, koja uklju\u010duje svje\u017ee morske plodove i tradicionalna jela. Ovaj grad je idealna destinacija za ljubitelje prirode, kulture i sporta, sa brojnim aktivnostima poput vaterpola i jedrenja. Ulcinj predstavlja savr\u0161en spoj tradicije i modernog turizma..\" \/>\n<meta property=\"og:url\" content=\"https:\/\/mundijalprijateljstva-ulcinj.me\/sq\/sity-ulcinj\/\" \/>\n<meta property=\"og:site_name\" content=\"Mundijalprijateljstva-ulcinj\" \/>\n<meta property=\"article:modified_time\" content=\"2024-12-16T16:31:46+00:00\" \/>\n<meta name=\"twitter:card\" content=\"summary_large_image\" \/>\n<meta name=\"twitter:label1\" content=\"Est. reading time\" \/>\n\t<meta name=\"twitter:data1\" content=\"1 minut\u00eb\" \/>\n<script type=\"application\/ld+json\" class=\"yoast-schema-graph\">{\"@context\":\"https:\/\/schema.org\",\"@graph\":[{\"@type\":\"WebPage\",\"@id\":\"https:\/\/mundijalprijateljstva-ulcinj.me\/sity-ulcinj\/\",\"url\":\"https:\/\/mundijalprijateljstva-ulcinj.me\/sity-ulcinj\/\",\"name\":\"City Ulcinj - Mundijalprijateljstva-ulcinj\",\"isPartOf\":{\"@id\":\"https:\/\/mundijalprijateljstva-ulcinj.me\/#website\"},\"datePublished\":\"2024-12-12T12:46:43+00:00\",\"dateModified\":\"2024-12-16T16:31:46+00:00\",\"breadcrumb\":{\"@id\":\"https:\/\/mundijalprijateljstva-ulcinj.me\/sity-ulcinj\/#breadcrumb\"},\"inLanguage\":\"sq\",\"potentialAction\":[{\"@type\":\"ReadAction\",\"target\":[\"https:\/\/mundijalprijateljstva-ulcinj.me\/sity-ulcinj\/\"]}]},{\"@type\":\"BreadcrumbList\",\"@id\":\"https:\/\/mundijalprijateljstva-ulcinj.me\/sity-ulcinj\/#breadcrumb\",\"itemListElement\":[{\"@type\":\"ListItem\",\"position\":1,\"name\":\"Home\",\"item\":\"https:\/\/mundijalprijateljstva-ulcinj.me\/\"},{\"@type\":\"ListItem\",\"position\":2,\"name\":\"City Ulcinj\"}]},{\"@type\":\"WebSite\",\"@id\":\"https:\/\/mundijalprijateljstva-ulcinj.me\/#website\",\"url\":\"https:\/\/mundijalprijateljstva-ulcinj.me\/\",\"name\":\"Mundijalprijateljstva-ulcinj\",\"description\":\"mundijalprijateljstva-ulcinj\",\"publisher\":{\"@id\":\"https:\/\/mundijalprijateljstva-ulcinj.me\/#organization\"},\"potentialAction\":[{\"@type\":\"SearchAction\",\"target\":{\"@type\":\"EntryPoint\",\"urlTemplate\":\"https:\/\/mundijalprijateljstva-ulcinj.me\/?s={search_term_string}\"},\"query-input\":{\"@type\":\"PropertyValueSpecification\",\"valueRequired\":true,\"valueName\":\"search_term_string\"}}],\"inLanguage\":\"sq\"},{\"@type\":\"Organization\",\"@id\":\"https:\/\/mundijalprijateljstva-ulcinj.me\/#organization\",\"name\":\"Mundijalprijateljstva-ulcinj\",\"url\":\"https:\/\/mundijalprijateljstva-ulcinj.me\/\",\"logo\":{\"@type\":\"ImageObject\",\"inLanguage\":\"sq\",\"@id\":\"https:\/\/mundijalprijateljstva-ulcinj.me\/#\/schema\/logo\/image\/\",\"url\":\"https:\/\/mundijalprijateljstva-ulcinj.me\/wp-content\/uploads\/2024\/12\/150x150.png\",\"contentUrl\":\"https:\/\/mundijalprijateljstva-ulcinj.me\/wp-content\/uploads\/2024\/12\/150x150.png\",\"width\":150,\"height\":150,\"caption\":\"Mundijalprijateljstva-ulcinj\"},\"image\":{\"@id\":\"https:\/\/mundijalprijateljstva-ulcinj.me\/#\/schema\/logo\/image\/\"}}]}<\/script>\n<!-- \/ Yoast SEO plugin. -->","yoast_head_json":{"title":"City Ulcinj - Mundijalprijateljstva-ulcinj","robots":{"index":"index","follow":"follow","max-snippet":"max-snippet:-1","max-image-preview":"max-image-preview:large","max-video-preview":"max-video-preview:-1"},"canonical":"https:\/\/mundijalprijateljstva-ulcinj.me\/sq\/sity-ulcinj\/","og_locale":"sq_AL","og_type":"article","og_title":"City Ulcinj - Mundijalprijateljstva-ulcinj","og_description":"ULCINJ GRAD DOMA\u0106IN MUNDIJALA PRIJATELJSTVA Ulcinj je slikovit grad smje\u0161ten na jugu Crne Gore, poznat po svojoj bogatoj istoriji i kulturnom naslje\u0111u. Njegove predivne pla\u017ee, poput Velike pla\u017ee i Malog pla\u017enog naselja, privla\u010de posjetitelje iz cijelog svijeta. Stari grad, sa svojim uskim ulicama i venecijanskim utjecajem, nudi fascinantne znamenitosti, uklju\u010duju\u0107i tvr\u0111avu sa spektakularnim pogledom na more. Ulcinj je tako\u0111e poznat po raznolikoj gastronomiji, koja uklju\u010duje svje\u017ee morske plodove i tradicionalna jela. Ovaj grad je idealna destinacija za ljubitelje prirode, kulture i sporta, sa brojnim aktivnostima poput vaterpola i jedrenja. Ulcinj predstavlja savr\u0161en spoj tradicije i modernog turizma..","og_url":"https:\/\/mundijalprijateljstva-ulcinj.me\/sq\/sity-ulcinj\/","og_site_name":"Mundijalprijateljstva-ulcinj","article_modified_time":"2024-12-16T16:31:46+00:00","twitter_card":"summary_large_image","twitter_misc":{"Est. reading time":"1 minut\u00eb"},"schema":{"@context":"https:\/\/schema.org","@graph":[{"@type":"WebPage","@id":"https:\/\/mundijalprijateljstva-ulcinj.me\/sity-ulcinj\/","url":"https:\/\/mundijalprijateljstva-ulcinj.me\/sity-ulcinj\/","name":"City Ulcinj - Mundijalprijateljstva-ulcinj","isPartOf":{"@id":"https:\/\/mundijalprijateljstva-ulcinj.me\/#website"},"datePublished":"2024-12-12T12:46:43+00:00","dateModified":"2024-12-16T16:31:46+00:00","breadcrumb":{"@id":"https:\/\/mundijalprijateljstva-ulcinj.me\/sity-ulcinj\/#breadcrumb"},"inLanguage":"sq","potentialAction":[{"@type":"ReadAction","target":["https:\/\/mundijalprijateljstva-ulcinj.me\/sity-ulcinj\/"]}]},{"@type":"BreadcrumbList","@id":"https:\/\/mundijalprijateljstva-ulcinj.me\/sity-ulcinj\/#breadcrumb","itemListElement":[{"@type":"ListItem","position":1,"name":"Home","item":"https:\/\/mundijalprijateljstva-ulcinj.me\/"},{"@type":"ListItem","position":2,"name":"City Ulcinj"}]},{"@type":"WebSite","@id":"https:\/\/mundijalprijateljstva-ulcinj.me\/#website","url":"https:\/\/mundijalprijateljstva-ulcinj.me\/","name":"Mundijalprijateljstva-ulcinj","description":"mundijalprijateljstva-ulcinj","publisher":{"@id":"https:\/\/mundijalprijateljstva-ulcinj.me\/#organization"},"potentialAction":[{"@type":"SearchAction","target":{"@type":"EntryPoint","urlTemplate":"https:\/\/mundijalprijateljstva-ulcinj.me\/?s={search_term_string}"},"query-input":{"@type":"PropertyValueSpecification","valueRequired":true,"valueName":"search_term_string"}}],"inLanguage":"sq"},{"@type":"Organization","@id":"https:\/\/mundijalprijateljstva-ulcinj.me\/#organization","name":"Mundijalprijateljstva-ulcinj","url":"https:\/\/mundijalprijateljstva-ulcinj.me\/","logo":{"@type":"ImageObject","inLanguage":"sq","@id":"https:\/\/mundijalprijateljstva-ulcinj.me\/#\/schema\/logo\/image\/","url":"https:\/\/mundijalprijateljstva-ulcinj.me\/wp-content\/uploads\/2024\/12\/150x150.png","contentUrl":"https:\/\/mundijalprijateljstva-ulcinj.me\/wp-content\/uploads\/2024\/12\/150x150.png","width":150,"height":150,"caption":"Mundijalprijateljstva-ulcinj"},"image":{"@id":"https:\/\/mundijalprijateljstva-ulcinj.me\/#\/schema\/logo\/image\/"}}]}},"_links":{"self":[{"href":"https:\/\/mundijalprijateljstva-ulcinj.me\/sq\/wp-json\/wp\/v2\/pages\/1806","targetHints":{"allow":["GET"]}}],"collection":[{"href":"https:\/\/mundijalprijateljstva-ulcinj.me\/sq\/wp-json\/wp\/v2\/pages"}],"about":[{"href":"https:\/\/mundijalprijateljstva-ulcinj.me\/sq\/wp-json\/wp\/v2\/types\/page"}],"author":[{"embeddable":true,"href":"https:\/\/mundijalprijateljstva-ulcinj.me\/sq\/wp-json\/wp\/v2\/users\/1"}],"replies":[{"embeddable":true,"href":"https:\/\/mundijalprijateljstva-ulcinj.me\/sq\/wp-json\/wp\/v2\/comments?post=1806"}],"version-history":[{"count":0,"href":"https:\/\/mundijalprijateljstva-ulcinj.me\/sq\/wp-json\/wp\/v2\/pages\/1806\/revisions"}],"wp:attachment":[{"href":"https:\/\/mundijalprijateljstva-ulcinj.me\/sq\/wp-json\/wp\/v2\/media?parent=1806"}],"curies":[{"name":"wp","href":"https:\/\/api.w.org\/{rel}","templated":true}]}}